{"id":30,"date":"2022-01-05T06:34:25","date_gmt":"2022-01-05T06:34:25","guid":{"rendered":"http:\/\/fastwpdemo.com\/newwp\/dentalo\/?page_id=30"},"modified":"2022-01-05T06:34:25","modified_gmt":"2022-01-05T06:34:25","slug":"faqs","status":"publish","type":"page","link":"https:\/\/www.dental-lab-china.com\/pt\/faqs\/","title":{"rendered":"Perguntas frequentes"},"content":{"rendered":"<div data-elementor-type=\"wp-page\" data-elementor-id=\"30\" class=\"elementor elementor-30\">\n\t\t\t\t\t\t<section class=\"elementor-section elementor-top-section elementor-element elementor-element-612393c elementor-section-full_width elementor-section-height-default elementor-section-height-default\" data-id=\"612393c\" data-element_type=\"section\" data-e-type=\"section\">\n\t\t\t\t\t\t<div class=\"elementor-container elementor-column-gap-default\">\n\t\t\t\t\t<div class=\"elementor-column elementor-col-100 elementor-top-column elementor-element elementor-element-45ed1ff\" data-id=\"45ed1ff\" data-element_type=\"column\" data-e-type=\"column\">\n\t\t\t<div class=\"elementor-widget-wrap elementor-element-populated\">\n\t\t\t\t\t\t<div class=\"elementor-element elementor-element-91566d6 elementor-widget elementor-widget-dentalo_our_faqs\" data-id=\"91566d6\" data-element_type=\"widget\" data-e-type=\"widget\" data-widget_type=\"dentalo_our_faqs.default\">\n\t\t\t\t<div class=\"elementor-widget-container\">\n\t\t\t\t\t    \n    <section class=\"faq-accrodion sec-pad\">\n        <div class=\"container\">\n            <div class=\"row\">\n                \n\t\t\t\t                <div class=\"col-lg-12\">\n                    <div class=\"block-title text-left\">\n                        <p class=\"block-title__sub_title\">Fa\u00e7a as suas perguntas <\/p><!-- \/.block-title__title -->\n                        <h2 class=\"block-title__title mb-20\">Perguntas frequentes<\/h2><!-- \/.block-title__text -->\n                    <\/div><!-- \/.block-title -->\n                <\/div><!-- \/.col-lg-12 -->\n                                \n                                <div class=\"col-lg-12\">\n                    <div class=\"faq__search\">\n                        <form action=\"https:\/\/www.dental-lab-china.com\/pt\/\" method=\"get\" class=\"faq__search-form\" data-trp-original-action=\"https:\/\/www.dental-lab-china.com\/pt\/\">\n                            <input type=\"text\" name=\"s\" value=\"\" placeholder=\"Search\">\n                            <button type=\"submit\"><i class=\"fa fa-search\"><\/i><\/button>\n                        <input type=\"hidden\" name=\"trp-form-language\" value=\"pt\"\/><\/form><!-- \/.faq__search-form -->\n                    <\/div><!-- \/.faq__single -->\n                <\/div><!-- \/.col-lg-14 -->\n                            <\/div><!-- \/.row -->\n            <div class=\"row\">\n                \n                <div class=\"col-lg-6\">\n                    <div class=\"accrodion-grp\" data-grp-name=\"faq-accrodion-one\">\n                                        \t\t                        <div class=\"accrodion\">\n                            <div class=\"accrodion-title\">\n                                <h4>Utilizar estruturas \u00e1geis para fornecer um servi\u00e7o robusto?<\/h4>\n                            <\/div>\n                            <div class=\"accrodion-content\">\n                                <div class=\"inner\">\n                                    <p>Lorem ipsum dolor sit amet, vix an natum labitur eleifd, mel am laoreet menandri. Ei justo complectitur duo. Ei mundi solet utos soletu possit quo. Sea cu justo laudem. An utinam consulatu eos, facilis ndi solet utos.<\/p>\n                                <\/div><!-- \/.inner -->\n                            <\/div>\n                        <\/div>\n                                        \t\t                        <div class=\"accrodion active\">\n                            <div class=\"accrodion-title\">\n                                <h4>Capitalizar os frutos mais f\u00e1ceis para identificar\numa atividade de valor acrescentado para fazer um teste beta?<\/h4>\n                            <\/div>\n                            <div class=\"accrodion-content\">\n                                <div class=\"inner\">\n                                    <p>Lorem ipsum dolor sit amet, vix an natum labitur eleifd, mel am laoreet menandri. Ei justo complectitur duo. Ei mundi solet utos soletu possit quo. Sea cu justo laudem. An utinam consulatu eos, facilis ndi solet utos.<\/p>\n                                <\/div><!-- \/.inner -->\n                            <\/div>\n                        <\/div>\n                                        \t\t                        <div class=\"accrodion\">\n                            <div class=\"accrodion-title\">\n                                <h4>Sinopse para panoramas de alto n\u00edvel Abordagens iterativas\npara a estrat\u00e9gia empresarial?<\/h4>\n                            <\/div>\n                            <div class=\"accrodion-content\">\n                                <div class=\"inner\">\n                                    <p>Lorem ipsum dolor sit amet, vix an natum labitur eleifd, mel am laoreet menandri. Ei justo complectitur duo. Ei mundi solet utos soletu possit quo. Sea cu justo laudem. An utinam consulatu eos, facilis ndi solet utos.<\/p>\n                                <\/div><!-- \/.inner -->\n                            <\/div>\n                        <\/div>\n                                        \t\t                        <div class=\"accrodion\">\n                            <div class=\"accrodion-title\">\n                                <h4>Ultrapassar o fosso digital com mais?<\/h4>\n                            <\/div>\n                            <div class=\"accrodion-content\">\n                                <div class=\"inner\">\n                                    <p>Lorem ipsum dolor sit amet, vix an natum labitur eleifd, mel am laoreet menandri. Ei justo complectitur duo. Ei mundi solet utos soletu possit quo. Sea cu justo laudem. An utinam consulatu eos, facilis ndi solet utos.<\/p>\n                                <\/div><!-- \/.inner -->\n                            <\/div>\n                        <\/div>\n                                        \t\t\t\t\t\t\t<\/div>\n                <\/div>\n                <div class=\"col-lg-6\">\n                    <div class=\"accrodion-grp\" data-grp-name=\"faq-accrodion-two\">\n                    \t                        <div class=\"accrodion\">\n                            <div class=\"accrodion-title\">\n                                <h4>A autoestrada vai fechar o ciclo da focagem?<\/h4>\n                            <\/div>\n                            <div class=\"accrodion-content\">\n                                <div class=\"inner\">\n                                    <p>Lorem ipsum dolor sit amet, vix an natum labitur eleifd, mel am laoreet menandri. Ei justo complectitur duo. Ei mundi solet utos soletu possit quo. Sea cu justo laudem. An utinam consulatu eos, facilis ndi solet utos.<\/p>\n                                <\/div><!-- \/.inner -->\n                            <\/div>\n                        <\/div>\n                                        \t\t                        <div class=\"accrodion\">\n                            <div class=\"accrodion-title\">\n                                <h4>Capitalizar os frutos mais f\u00e1ceis para identificar\numa atividade de valor acrescentado para fazer um teste beta?<\/h4>\n                            <\/div>\n                            <div class=\"accrodion-content\">\n                                <div class=\"inner\">\n                                    <p>Lorem ipsum dolor sit amet, vix an natum labitur eleifd, mel am laoreet menandri. Ei justo complectitur duo. Ei mundi solet utos soletu possit quo. Sea cu justo laudem. An utinam consulatu eos, facilis ndi solet utos.<\/p>\n                                <\/div><!-- \/.inner -->\n                            <\/div>\n                        <\/div>\n                                        \t\t                        <div class=\"accrodion\">\n                            <div class=\"accrodion-title\">\n                                <h4>Imers\u00e3o em nanotecnologias ao longo da informa\u00e7\u00e3o?<\/h4>\n                            <\/div>\n                            <div class=\"accrodion-content\">\n                                <div class=\"inner\">\n                                    <p>Lorem ipsum dolor sit amet, vix an natum labitur eleifd, mel am laoreet menandri. Ei justo complectitur duo. Ei mundi solet utos soletu possit quo. Sea cu justo laudem. An utinam consulatu eos, facilis ndi solet utos.<\/p>\n                                <\/div><!-- \/.inner -->\n                            <\/div>\n                        <\/div>\n                                        \t\t                        <div class=\"accrodion\">\n                            <div class=\"accrodion-title\">\n                                <h4>O conte\u00fado gerado pelo utilizador ter\u00e1 m\u00faltiplas?<\/h4>\n                            <\/div>\n                            <div class=\"accrodion-content\">\n                                <div class=\"inner\">\n                                    <p>Lorem ipsum dolor sit amet, vix an natum labitur eleifd, mel am laoreet menandri. Ei justo complectitur duo. Ei mundi solet utos soletu possit quo. Sea cu justo laudem. An utinam consulatu eos, facilis ndi solet utos.<\/p>\n                                <\/div><!-- \/.inner -->\n                            <\/div>\n                        <\/div>\n                                            <\/div>\n                <\/div><!-- \/.col-lg-6 -->\n                \n            <\/div><!-- \/.row -->\n        <\/div><!-- \/.container -->\n    <\/section><!-- \/.faq-accrodion sec-pad -->\n        \n    \t\t\t\t<\/div>\n\t\t\t\t<\/div>\n\t\t\t\t\t<\/div>\n\t\t<\/div>\n\t\t\t\t\t<\/div>\n\t\t<\/section>\n\t\t\t\t<section class=\"elementor-section elementor-top-section elementor-element elementor-element-7e5370e elementor-section-full_width elementor-section-height-default elementor-section-height-default\" data-id=\"7e5370e\" data-element_type=\"section\" data-e-type=\"section\">\n\t\t\t\t\t\t<div class=\"elementor-container elementor-column-gap-default\">\n\t\t\t\t\t<div class=\"elementor-column elementor-col-100 elementor-top-column elementor-element elementor-element-5499a95\" data-id=\"5499a95\" data-element_type=\"column\" data-e-type=\"column\">\n\t\t\t<div class=\"elementor-widget-wrap elementor-element-populated\">\n\t\t\t\t\t\t<div class=\"elementor-element elementor-element-3f07222 elementor-widget elementor-widget-dentalo_faq_form\" data-id=\"3f07222\" data-element_type=\"widget\" data-e-type=\"widget\" data-widget_type=\"dentalo_faq_form.default\">\n\t\t\t\t<div class=\"elementor-widget-container\">\n\t\t\t\t\t\n\t<section class=\"faq-form\">\n        <div class=\"container\">\n            <div class=\"row\">\n                <div class=\"col-lg-12\">\n                                        <div class=\"block-title\">\n                        <h2 class=\"block-title__title block-title__lite-color\">N\u00e3o encontrou a sua resposta? Envie a sua pergunta<\/h2><!-- \/.block-title__title -->\n                    <\/div><!-- \/.block-title -->\n                                                            <div class=\"faq-form__form\">\n                        <p class=\"wpcf7-contact-form-not-found\"><strong>Erro:<\/strong> Formul\u00e1rio de contacto n\u00e3o encontrado.<\/p>                    <\/div>\n                                    <\/div><!-- \/.col-lg-12 -->\n            <\/div><!-- \/.row -->\n        <\/div><!-- \/.container -->\n    <\/section><!-- \/.faq-form -->\t \n         \n\t\t\t\t\t<\/div>\n\t\t\t\t<\/div>\n\t\t\t\t\t<\/div>\n\t\t<\/div>\n\t\t\t\t\t<\/div>\n\t\t<\/section>\n\t\t\t\t<section class=\"elementor-section elementor-top-section elementor-element elementor-element-f8ffc0e elementor-section-full_width elementor-section-height-default elementor-section-height-default\" data-id=\"f8ffc0e\" data-element_type=\"section\" data-e-type=\"section\">\n\t\t\t\t\t\t<div class=\"elementor-container elementor-column-gap-default\">\n\t\t\t\t\t<div class=\"elementor-column elementor-col-100 elementor-top-column elementor-element elementor-element-22d4e11\" data-id=\"22d4e11\" data-element_type=\"column\" data-e-type=\"column\">\n\t\t\t<div class=\"elementor-widget-wrap elementor-element-populated\">\n\t\t\t\t\t\t<div class=\"elementor-element elementor-element-1b5e438 elementor-widget elementor-widget-dentalo_call_to_action_2\" data-id=\"1b5e438\" data-element_type=\"widget\" data-e-type=\"widget\" data-widget_type=\"dentalo_call_to_action_2.default\">\n\t\t\t\t<div class=\"elementor-widget-container\">\n\t\t\t\t\t         \n    <!-- cta section -->\n    <section class=\"cta\">\n        <div class=\"container\">\n            <div class=\"bg\" style=\"background-image: url(https:\/\/www.dental-lab-china.com\/wp-content\/uploads\/2022\/02\/cta.jpg);\">\n                <div class=\"row align-items-center\">\n                    <div class=\"col-lg-8\">\n                        <div class=\"cta-block\">\n                            <h4>Se tem um problema dent\u00e1rio: contacte-nos em <span>1800 456 7890<\/span> <br> ou fazer um <samp>nomea\u00e7\u00e3o<\/samp><\/h4>                            \n                        <\/div>\n                    <\/div>\n                                        <div class=\"col-lg-4\">\n                        <div class=\"cta-block\">\n                            <div class=\"text-lg-right\">\n                                <a href=\"https:\/\/www.dental-lab-china.com\/pt\/contact-us\/\" class=\"btn-cta\">Marcar uma consulta<i class=\"far fa-arrow-circle-right\"><\/i><\/a>\n                            <\/div>\n                        <\/div>\n                    <\/div>\n                                    <\/div>\n            <\/div>\n        <\/div>\n    <\/section>\n    \t\n\t\t\t\t\t<\/div>\n\t\t\t\t<\/div>\n\t\t\t\t\t<\/div>\n\t\t<\/div>\n\t\t\t\t\t<\/div>\n\t\t<\/section>\n\t\t\t\t<\/div>","protected":false},"excerpt":{"rendered":"<p>Ask your questions Frequently Ask Questions Leverage agile frameworks to provide a robust? Lorem ipsum dolor sit amet, vix an natum labitur eleifd, mel am laoreet menandri. Ei justo complectitur duo. Ei mundi solet utos soletu possit quo. Sea cu justo laudem. An utinam consulatu eos, facilis ndi solet utos. Capitalize on low hanging fruit [&hellip;]<\/p>","protected":false},"author":1,"featured_media":0,"parent":0,"menu_order":0,"comment_status":"closed","ping_status":"closed","template":"tpl-default-elementor.php","meta":{"footnotes":""},"class_list":["post-30","page","type-page","status-publish","hentry"],"yoast_head":"<!-- This site is optimized with the Yoast SEO plugin v27.0 - https:\/\/yoast.com\/product\/yoast-seo-wordpress\/ -->\n<title>Faqs - Bright Dental Lab<\/title>\n<meta name=\"robots\" content=\"index, follow, max-snippet:-1, max-image-preview:large, max-video-preview:-1\" \/>\n<link rel=\"canonical\" href=\"https:\/\/www.dental-lab-china.com\/pt\/faqs\/\" \/>\n<meta property=\"og:locale\" content=\"pt_PT\" \/>\n<meta property=\"og:type\" content=\"article\" \/>\n<meta property=\"og:title\" content=\"Faqs - Bright Dental Lab\" \/>\n<meta property=\"og:description\" content=\"Ask your questions Frequently Ask Questions Leverage agile frameworks to provide a robust? Lorem ipsum dolor sit amet, vix an natum labitur eleifd, mel am laoreet menandri. Ei justo complectitur duo. Ei mundi solet utos soletu possit quo. Sea cu justo laudem. An utinam consulatu eos, facilis ndi solet utos. Capitalize on low hanging fruit [&hellip;]\" \/>\n<meta property=\"og:url\" content=\"https:\/\/www.dental-lab-china.com\/pt\/faqs\/\" \/>\n<meta property=\"og:site_name\" content=\"Bright Dental Lab\" \/>\n<meta name=\"twitter:card\" content=\"summary_large_image\" \/>\n<meta name=\"twitter:label1\" content=\"Tempo estimado de leitura\" \/>\n\t<meta name=\"twitter:data1\" content=\"2 minutos\" \/>\n<script type=\"application\/ld+json\" class=\"yoast-schema-graph\">{\"@context\":\"https:\/\/schema.org\",\"@graph\":[{\"@type\":\"WebPage\",\"@id\":\"https:\/\/www.dental-lab-china.com\/faqs\/\",\"url\":\"https:\/\/www.dental-lab-china.com\/faqs\/\",\"name\":\"Faqs - Bright Dental Lab\",\"isPartOf\":{\"@id\":\"https:\/\/www.dental-lab-china.com\/#website\"},\"datePublished\":\"2022-01-05T06:34:25+00:00\",\"breadcrumb\":{\"@id\":\"https:\/\/www.dental-lab-china.com\/faqs\/#breadcrumb\"},\"inLanguage\":\"pt-PT\",\"potentialAction\":[{\"@type\":\"ReadAction\",\"target\":[\"https:\/\/www.dental-lab-china.com\/faqs\/\"]}]},{\"@type\":\"BreadcrumbList\",\"@id\":\"https:\/\/www.dental-lab-china.com\/faqs\/#breadcrumb\",\"itemListElement\":[{\"@type\":\"ListItem\",\"position\":1,\"name\":\"Home\",\"item\":\"https:\/\/www.dental-lab-china.com\/\"},{\"@type\":\"ListItem\",\"position\":2,\"name\":\"Faqs\"}]},{\"@type\":\"WebSite\",\"@id\":\"https:\/\/www.dental-lab-china.com\/#website\",\"url\":\"https:\/\/www.dental-lab-china.com\/\",\"name\":\"Bright Dental Lab\",\"description\":\"Best Outsourcing Dental Lab\",\"publisher\":{\"@id\":\"https:\/\/www.dental-lab-china.com\/#organization\"},\"potentialAction\":[{\"@type\":\"SearchAction\",\"target\":{\"@type\":\"EntryPoint\",\"urlTemplate\":\"https:\/\/www.dental-lab-china.com\/?s={search_term_string}\"},\"query-input\":{\"@type\":\"PropertyValueSpecification\",\"valueRequired\":true,\"valueName\":\"search_term_string\"}}],\"inLanguage\":\"pt-PT\"},{\"@type\":\"Organization\",\"@id\":\"https:\/\/www.dental-lab-china.com\/#organization\",\"name\":\"Bright Dental Lab\",\"url\":\"https:\/\/www.dental-lab-china.com\/\",\"logo\":{\"@type\":\"ImageObject\",\"inLanguage\":\"pt-PT\",\"@id\":\"https:\/\/www.dental-lab-china.com\/#\/schema\/logo\/image\/\",\"url\":\"https:\/\/www.dental-lab-china.com\/wp-content\/uploads\/2022\/05\/dlc-logo.png\",\"contentUrl\":\"https:\/\/www.dental-lab-china.com\/wp-content\/uploads\/2022\/05\/dlc-logo.png\",\"width\":367,\"height\":95,\"caption\":\"Bright Dental Lab\"},\"image\":{\"@id\":\"https:\/\/www.dental-lab-china.com\/#\/schema\/logo\/image\/\"}}]}<\/script>\n<!-- \/ Yoast SEO plugin. -->","yoast_head_json":{"title":"Faqs - Bright Dental Lab","robots":{"index":"index","follow":"follow","max-snippet":"max-snippet:-1","max-image-preview":"max-image-preview:large","max-video-preview":"max-video-preview:-1"},"canonical":"https:\/\/www.dental-lab-china.com\/pt\/faqs\/","og_locale":"pt_PT","og_type":"article","og_title":"Faqs - Bright Dental Lab","og_description":"Ask your questions Frequently Ask Questions Leverage agile frameworks to provide a robust? Lorem ipsum dolor sit amet, vix an natum labitur eleifd, mel am laoreet menandri. Ei justo complectitur duo. Ei mundi solet utos soletu possit quo. Sea cu justo laudem. An utinam consulatu eos, facilis ndi solet utos. Capitalize on low hanging fruit [&hellip;]","og_url":"https:\/\/www.dental-lab-china.com\/pt\/faqs\/","og_site_name":"Bright Dental Lab","twitter_card":"summary_large_image","twitter_misc":{"Tempo estimado de leitura":"2 minutos"},"schema":{"@context":"https:\/\/schema.org","@graph":[{"@type":"WebPage","@id":"https:\/\/www.dental-lab-china.com\/faqs\/","url":"https:\/\/www.dental-lab-china.com\/faqs\/","name":"Faqs - Bright Dental Lab","isPartOf":{"@id":"https:\/\/www.dental-lab-china.com\/#website"},"datePublished":"2022-01-05T06:34:25+00:00","breadcrumb":{"@id":"https:\/\/www.dental-lab-china.com\/faqs\/#breadcrumb"},"inLanguage":"pt-PT","potentialAction":[{"@type":"ReadAction","target":["https:\/\/www.dental-lab-china.com\/faqs\/"]}]},{"@type":"BreadcrumbList","@id":"https:\/\/www.dental-lab-china.com\/faqs\/#breadcrumb","itemListElement":[{"@type":"ListItem","position":1,"name":"Home","item":"https:\/\/www.dental-lab-china.com\/"},{"@type":"ListItem","position":2,"name":"Faqs"}]},{"@type":"WebSite","@id":"https:\/\/www.dental-lab-china.com\/#website","url":"https:\/\/www.dental-lab-china.com\/","name":"Bright Dental Lab","description":"Best Outsourcing Dental Lab","publisher":{"@id":"https:\/\/www.dental-lab-china.com\/#organization"},"potentialAction":[{"@type":"SearchAction","target":{"@type":"EntryPoint","urlTemplate":"https:\/\/www.dental-lab-china.com\/?s={search_term_string}"},"query-input":{"@type":"PropertyValueSpecification","valueRequired":true,"valueName":"search_term_string"}}],"inLanguage":"pt-PT"},{"@type":"Organization","@id":"https:\/\/www.dental-lab-china.com\/#organization","name":"Bright Dental Lab","url":"https:\/\/www.dental-lab-china.com\/","logo":{"@type":"ImageObject","inLanguage":"pt-PT","@id":"https:\/\/www.dental-lab-china.com\/#\/schema\/logo\/image\/","url":"https:\/\/www.dental-lab-china.com\/wp-content\/uploads\/2022\/05\/dlc-logo.png","contentUrl":"https:\/\/www.dental-lab-china.com\/wp-content\/uploads\/2022\/05\/dlc-logo.png","width":367,"height":95,"caption":"Bright Dental Lab"},"image":{"@id":"https:\/\/www.dental-lab-china.com\/#\/schema\/logo\/image\/"}}]}},"_links":{"self":[{"href":"https:\/\/www.dental-lab-china.com\/pt\/wp-json\/wp\/v2\/pages\/30","targetHints":{"allow":["GET"]}}],"collection":[{"href":"https:\/\/www.dental-lab-china.com\/pt\/wp-json\/wp\/v2\/pages"}],"about":[{"href":"https:\/\/www.dental-lab-china.com\/pt\/wp-json\/wp\/v2\/types\/page"}],"author":[{"embeddable":true,"href":"https:\/\/www.dental-lab-china.com\/pt\/wp-json\/wp\/v2\/users\/1"}],"replies":[{"embeddable":true,"href":"https:\/\/www.dental-lab-china.com\/pt\/wp-json\/wp\/v2\/comments?post=30"}],"version-history":[{"count":0,"href":"https:\/\/www.dental-lab-china.com\/pt\/wp-json\/wp\/v2\/pages\/30\/revisions"}],"wp:attachment":[{"href":"https:\/\/www.dental-lab-china.com\/pt\/wp-json\/wp\/v2\/media?parent=30"}],"curies":[{"name":"wp","href":"https:\/\/api.w.org\/{rel}","templated":true}]}}