{"id":71,"date":"2022-01-05T06:39:28","date_gmt":"2022-01-05T06:39:28","guid":{"rendered":"http:\/\/fastwpdemo.com\/newwp\/dentalo\/?page_id=71"},"modified":"2026-01-26T05:21:05","modified_gmt":"2026-01-26T05:21:05","slug":"contact-us","status":"publish","type":"page","link":"https:\/\/www.dental-lab-china.com\/fr\/contact-us\/","title":{"rendered":"Contactez-nous"},"content":{"rendered":"<div data-elementor-type=\"wp-page\" data-elementor-id=\"71\" class=\"elementor elementor-71\">\n\t\t\t\t\t\t<section class=\"elementor-section elementor-top-section elementor-element elementor-element-467609a elementor-section-full_width elementor-section-height-default elementor-section-height-default\" data-id=\"467609a\" data-element_type=\"section\" data-e-type=\"section\">\n\t\t\t\t\t\t<div class=\"elementor-container elementor-column-gap-default\">\n\t\t\t\t\t<div class=\"elementor-column elementor-col-100 elementor-top-column elementor-element elementor-element-8ba5c28\" data-id=\"8ba5c28\" data-element_type=\"column\" data-e-type=\"column\">\n\t\t\t<div class=\"elementor-widget-wrap elementor-element-populated\">\n\t\t\t\t\t\t<div class=\"elementor-element elementor-element-44dd231 elementor-widget elementor-widget-dentalo_contact_us_v2\" data-id=\"44dd231\" data-element_type=\"widget\" data-e-type=\"widget\" id=\"title-colors\" data-widget_type=\"dentalo_contact_us_v2.default\">\n\t\t\t\t<div class=\"elementor-widget-container\">\n\t\t\t\t\t    \n    <section class=\"contact-one contact-one__contact-page\">\n        <div class=\"container\">\n            <div class=\"row\">\n                <div class=\"col-lg-7\">\n                                        <div class=\"block-title\">\n                        <h2 class=\"block-title__sub_title\">ENTRER EN CONTACT<\/h2><!-- \/.block-title__title -->\n                        <p class=\"block-title__title\">Contacter le professeur d&#039;externalisation<\/p><!-- \/.block-title__text -->\n                        <p class=\"block-title__text\">Pour contacter notre \u00e9quipe de professionnels, veuillez remplir le formulaire disponible sur cette page. Sinon, nous vous invitons \u00e0 nous contacter directement par t\u00e9l\u00e9phone ou par email.<\/p><!-- \/.block-title__text -->\n                    <\/div><!-- \/.block-title -->\n                                        \n                                        <div class=\"contact-one__form contact-form-validated\">                            \n                        \n<div class=\"wpcf7 no-js\" id=\"wpcf7-f4828-o1\" lang=\"en-US\" dir=\"ltr\" data-wpcf7-id=\"4828\">\n<div class=\"screen-reader-response\"><p role=\"status\" aria-live=\"polite\" aria-atomic=\"true\"><\/p> <ul><\/ul><\/div>\n<form action=\"\/fr\/wp-json\/wp\/v2\/pages\/71#wpcf7-f4828-o1\" method=\"post\" class=\"wpcf7-form init\" aria-label=\"Formulaire de contact\" novalidate=\"novalidate\" data-status=\"init\" data-trp-original-action=\"\/fr\/wp-json\/wp\/v2\/pages\/71#wpcf7-f4828-o1\">\n<fieldset class=\"hidden-fields-container\"><input type=\"hidden\" name=\"_wpcf7\" value=\"4828\" \/><input type=\"hidden\" name=\"_wpcf7_version\" value=\"6.1.5\" \/><input type=\"hidden\" name=\"_wpcf7_locale\" value=\"en_US\" \/><input type=\"hidden\" name=\"_wpcf7_unit_tag\" value=\"wpcf7-f4828-o1\" \/><input type=\"hidden\" name=\"_wpcf7_container_post\" value=\"0\" \/><input type=\"hidden\" name=\"_wpcf7_posted_data_hash\" value=\"\" \/>\n<\/fieldset>\n<div class=\"row\">\n\t<div class=\"col-lg-12\">\n\t\t<p><span class=\"wpcf7-form-control-wrap\" data-name=\"name-254\"><input size=\"40\" maxlength=\"400\" class=\"wpcf7-form-control wpcf7-text wpcf7-validates-as-required\" aria-required=\"true\" aria-invalid=\"false\" placeholder=\"Nom complet (obligatoire)\" value=\"\" type=\"text\" name=\"name-254\" \/><\/span>\n\t\t<\/p>\n\t<\/div>\n\t<div class=\"col-lg-12\">\n\t\t<p><span class=\"wpcf7-form-control-wrap\" data-name=\"email-647\"><input size=\"40\" maxlength=\"400\" class=\"wpcf7-form-control wpcf7-email wpcf7-validates-as-required wpcf7-text wpcf7-validates-as-email\" aria-required=\"true\" aria-invalid=\"false\" placeholder=\"Adresse mail: (requis)\" value=\"\" type=\"email\" name=\"email-647\" \/><\/span>\n\t\t<\/p>\n\t<\/div>\n\t<div class=\"col-lg-12\">\n\t\t<p><span class=\"wpcf7-form-control-wrap\" data-name=\"phone-255\"><input size=\"40\" maxlength=\"400\" class=\"wpcf7-form-control wpcf7-text\" aria-invalid=\"false\" placeholder=\"T\u00e9l\u00e9phone\" value=\"\" type=\"text\" name=\"phone-255\" \/><\/span>\n\t\t<\/p>\n\t<\/div>\n\t<div class=\"col-lg-12\">\n\t\t<p><span class=\"wpcf7-form-control-wrap\" data-name=\"message-143\"><textarea cols=\"40\" rows=\"10\" maxlength=\"2000\" class=\"wpcf7-form-control wpcf7-textarea\" aria-invalid=\"false\" placeholder=\"Message\" name=\"message-143\"><\/textarea><\/span>\n\t\t<\/p>\n\t<\/div>\n\t<div class=\"col-lg-12\">\n\t\t<p><div class=\"cf7-cf-turnstile\" style=\"margin-top: 0px; margin-bottom: -15px;\"> <div id=\"cf-turnstile-cf7-2570155801\" class=\"cf-turnstile\" data-sitekey=\"0x4AAAAAAB5Mqa-zf_AUFtC9\" data-theme=\"light\" data-language=\"auto\" data-size=\"flexible\" data-retry=\"auto\" data-retry-interval=\"1000\" data-refresh-expired=\"auto\" data-action=\"contact-form-7\" data-appearance=\"interaction-only\"><\/div> <script>document.addEventListener(\"DOMContentLoaded\", function() { setTimeout(function(){ var e=document.getElementById(\"cf-turnstile-cf7-2570155801\"); e&&!e.innerHTML.trim()&&(turnstile.remove(\"#cf-turnstile-cf7-2570155801\"), turnstile.render(\"#cf-turnstile-cf7-2570155801\", {sitekey:\"0x4AAAAAAB5Mqa-zf_AUFtC9\"})); }, 100); });<\/script> <style>#cf-turnstile-cf7-2570155801 iframe { margin-bottom: 15px; }<\/style> <style>#cf-turnstile-cf7-2570155801 { margin-left: -15px; }<\/style> <script>document.addEventListener(\"DOMContentLoaded\",function(){document.querySelectorAll('.wpcf7-form').forEach(function(e){e.addEventListener('submit',function(){if(document.getElementById('cf-turnstile-cf7-2570155801')){setTimeout(function(){turnstile.reset('#cf-turnstile-cf7-2570155801');},1000)}})})});<\/script> <\/div>\n\t\t<\/p>\n\t<\/div>\n\t<div class=\"col-lg-12\">\n\t\t<p><button type=\"submit\" class=\"thm-btn\">Soumettre<i class=\"far fa-arrow-circle-right\"><\/i><\/button>\n\t\t<\/p>\n\t<\/div>\n<\/div><div class=\"wpcf7-response-output\" aria-hidden=\"true\"><\/div>\n<input type=\"hidden\" name=\"trp-form-language\" value=\"fr\"\/><\/form>\n<\/div>\n                    <\/div>\n                                    <\/div><!-- \/.col-lg-7 -->\n                <div class=\"col-lg-5\">\n                    <div class=\"contact-one__page-content\">\n                        <h2 class=\"contact-one__page-title\">Notre adresse<\/h2><!-- \/.contact-one__page-title -->\n                        <p class=\"contact-one__page-text\">Veuillez nous trouver par les m\u00e9thodes ci-dessous\u00a0:<\/p><!-- \/.contact-one__page-text -->\n                        \n\t\t\t\t\t\t                        <div class=\"contact-one__page-widget\">\n                            <i class=\"contact-one__page-widget__icon icon icon icon-Pointer\"><\/i>\n                            <h3 class=\"contact-one__page-widget__title\">Quartier g\u00e9n\u00e9ral<\/h3><!-- \/.contact-one__page-widget__title -->\n                            <p class=\"contact-one__page-widget__text\">4\/F, b\u00e2timent 1 zone industrielle HeTai, communaut\u00e9 HePing, district de Bao&#039;an de la ville de FuYong, Shenzhen, Chine PC 518103<\/p><!-- \/.contact-one__page-widget__text -->\n                        <\/div><!-- \/.contact-one__page-widget -->\n                                                <div class=\"contact-one__page-widget\">\n                            <i class=\"contact-one__page-widget__icon icon icon icon-Pointer\"><\/i>\n                            <h3 class=\"contact-one__page-widget__title\">Adresse de livraison \u00e0 Hong Kong<\/h3><!-- \/.contact-one__page-widget__title -->\n                            <p class=\"contact-one__page-widget__text\">R10 2F SHEUNG LING PEI TUNG CHUNG  LANTAU ISLAND  HK<\/p><!-- \/.contact-one__page-widget__text -->\n                        <\/div><!-- \/.contact-one__page-widget -->\n                                                <div class=\"contact-one__page-widget\">\n                            <i class=\"contact-one__page-widget__icon icon icon icon-Phone2\"><\/i>\n                            <h3 class=\"contact-one__page-widget__title\">T\u00e9l\u00e9phone<\/h3><!-- \/.contact-one__page-widget__title -->\n                            <p class=\"contact-one__page-widget__text\">CN +86-136-1309-6118<\/p><!-- \/.contact-one__page-widget__text -->\n                        <\/div><!-- \/.contact-one__page-widget -->\n                                                <div class=\"contact-one__page-widget\">\n                            <i class=\"contact-one__page-widget__icon icon icon icon-Message\"><\/i>\n                            <h3 class=\"contact-one__page-widget__title\">Wechat\/WhatsApp<\/h3><!-- \/.contact-one__page-widget__title -->\n                            <p class=\"contact-one__page-widget__text\"><a href=\"https:\/\/wa.me\/8613613096118\">+86-136-1309-6118<\/a><\/p><!-- \/.contact-one__page-widget__text -->\n                        <\/div><!-- \/.contact-one__page-widget -->\n                                                <div class=\"contact-one__page-widget\">\n                            <i class=\"contact-one__page-widget__icon icon icon icon-Plaine\"><\/i>\n                            <h3 class=\"contact-one__page-widget__title\">E-mail<\/h3><!-- \/.contact-one__page-widget__title -->\n                            <p class=\"contact-one__page-widget__text\"><a href=\"mailto:service@dental-lab-china.com\">service@dental-lab-china.com<\/a><\/p><!-- \/.contact-one__page-widget__text -->\n                        <\/div><!-- \/.contact-one__page-widget -->\n                                                \n\t\t\t\t\t\t\n                    <\/div><!-- \/.contact-one__page-content -->\n                <\/div><!-- \/.col-lg-5 -->\n            <\/div><!-- \/.row -->\n        <\/div><!-- \/.container -->\n    <\/section><!-- \/.contact-one -->\n        \n    \t\t\t\t<\/div>\n\t\t\t\t<\/div>\n\t\t\t\t\t<\/div>\n\t\t<\/div>\n\t\t\t\t\t<\/div>\n\t\t<\/section>\n\t\t\t\t<section class=\"elementor-section elementor-top-section elementor-element elementor-element-645b355 elementor-section-full_width elementor-section-height-default elementor-section-height-default\" data-id=\"645b355\" data-element_type=\"section\" data-e-type=\"section\">\n\t\t\t\t\t\t<div class=\"elementor-container elementor-column-gap-default\">\n\t\t\t\t\t<div class=\"elementor-column elementor-col-100 elementor-top-column elementor-element elementor-element-58a0c59\" data-id=\"58a0c59\" data-element_type=\"column\" data-e-type=\"column\">\n\t\t\t<div class=\"elementor-widget-wrap elementor-element-populated\">\n\t\t\t\t\t\t<div class=\"elementor-element elementor-element-8abe816 elementor-widget elementor-widget-dentalo_google_map\" data-id=\"8abe816\" data-element_type=\"widget\" data-e-type=\"widget\" data-widget_type=\"dentalo_google_map.default\">\n\t\t\t\t<div class=\"elementor-widget-container\">\n\t\t\t\t\t    \n    <section class=\"contact-map-section pt-0\">\n        <div class=\"container\">\n            <iframe width=\"100%\" height=\"600\" frameborder=\"0\" scrolling=\"no\" marginheight=\"0\" marginwidth=\"0\" src=\"https:\/\/maps.google.com\/maps?width=100%25&amp;height=600&amp;hl=en&amp;q=HePing%20Community%20,%20FuYong%20Town%20Bao'an%20District,%20Shenzhen,%20China+(Bright%20Dental%20Lab)&amp;t=&amp;z=15&amp;ie=UTF8&amp;iwloc=B&amp;output=embed\"><\/iframe>        <\/div><!-- \/.container -->\n    <\/section><!-- \/.contact-map -->\n          \n    \t\t\t\t<\/div>\n\t\t\t\t<\/div>\n\t\t\t\t\t<\/div>\n\t\t<\/div>\n\t\t\t\t\t<\/div>\n\t\t<\/section>\n\t\t\t\t<section class=\"elementor-section elementor-top-section elementor-element elementor-element-196fc79 elementor-section-full_width elementor-section-height-default elementor-section-height-default\" data-id=\"196fc79\" data-element_type=\"section\" data-e-type=\"section\">\n\t\t\t\t\t\t<div class=\"elementor-container elementor-column-gap-default\">\n\t\t\t\t\t<div class=\"elementor-column elementor-col-100 elementor-top-column elementor-element elementor-element-3197374\" data-id=\"3197374\" data-element_type=\"column\" data-e-type=\"column\">\n\t\t\t<div class=\"elementor-widget-wrap elementor-element-populated\">\n\t\t\t\t\t\t<div class=\"elementor-element elementor-element-20d104b elementor-widget elementor-widget-dentalo_call_to_action_2\" data-id=\"20d104b\" data-element_type=\"widget\" data-e-type=\"widget\" data-widget_type=\"dentalo_call_to_action_2.default\">\n\t\t\t\t<div class=\"elementor-widget-container\">\n\t\t\t\t\t         \n    <!-- cta section -->\n    <section class=\"cta\">\n        <div class=\"container\">\n            <div class=\"bg\" style=\"background-image: url(https:\/\/www.dental-lab-china.com\/wp-content\/uploads\/2022\/02\/cta.jpg);\">\n                <div class=\"row align-items-center\">\n                    <div class=\"col-lg-8\">\n                        <div class=\"cta-block\">\n                            <h4>Appelez-nous au <span>+86-136-1309-6118<\/span> <br> ou email <samp>service@dental-lab-china.com<\/samp><\/h4>                            \n                        <\/div>\n                    <\/div>\n                                        <div class=\"col-lg-4\">\n                        <div class=\"cta-block\">\n                            <div class=\"text-lg-right\">\n                                <a href=\"https:\/\/www.dental-lab-china.com\/fr\/send-a-case\/\" class=\"btn-cta\">Envoyer un colis<i class=\"far fa-arrow-circle-right\"><\/i><\/a>\n                            <\/div>\n                        <\/div>\n                    <\/div>\n                                    <\/div>\n            <\/div>\n        <\/div>\n    <\/section>\n    \t\n\t\t\t\t\t<\/div>\n\t\t\t\t<\/div>\n\t\t\t\t\t<\/div>\n\t\t<\/div>\n\t\t\t\t\t<\/div>\n\t\t<\/section>\n\t\t\t\t<\/div>","protected":false},"excerpt":{"rendered":"<p>GET IN TOUCH Contact Outsourcing Professor Pour contacter notre \u00e9quipe de professionnels, veuillez remplir le formulaire disponible sur cette page. Sinon, nous vous invitons \u00e0 nous contacter directement par t\u00e9l\u00e9phone ou par e-mail. Soumettre notre adresse Veuillez nous trouver par les m\u00e9thodes ci-dessous : Si\u00e8ge social 4\/F, Building 1 HeTai Industrial Area ,HePing Community , FuYong Town Bao'an District, [...]<\/p>","protected":false},"author":1,"featured_media":0,"parent":0,"menu_order":0,"comment_status":"closed","ping_status":"closed","template":"tpl-default-elementor.php","meta":{"footnotes":""},"class_list":["post-71","page","type-page","status-publish","hentry"],"yoast_head":"<!-- This site is optimized with the Yoast SEO plugin v27.0 - https:\/\/yoast.com\/product\/yoast-seo-wordpress\/ -->\n<title>Contact Us - Bright Dental Lab<\/title>\n<meta name=\"robots\" content=\"index, follow, max-snippet:-1, max-image-preview:large, max-video-preview:-1\" \/>\n<link rel=\"canonical\" href=\"https:\/\/www.dental-lab-china.com\/fr\/contact-us\/\" \/>\n<meta property=\"og:locale\" content=\"fr_FR\" \/>\n<meta property=\"og:type\" content=\"article\" \/>\n<meta property=\"og:title\" content=\"Contact Us - Bright Dental Lab\" \/>\n<meta property=\"og:description\" content=\"GET IN TOUCH Contact Outsourcing Professor To contact with our professional team, please complete the form available on this page. Otherwise, we welcome you to contact us by phone or Email directly. Submit Our Address Please find us by methods below: Headquarters 4\/F, Building 1 HeTai Industrial Area ,HePing Community , FuYong Town Bao&#8217;an District, [&hellip;]\" \/>\n<meta property=\"og:url\" content=\"https:\/\/www.dental-lab-china.com\/fr\/contact-us\/\" \/>\n<meta property=\"og:site_name\" content=\"Bright Dental Lab\" \/>\n<meta property=\"article:modified_time\" content=\"2026-01-26T05:21:05+00:00\" \/>\n<meta name=\"twitter:card\" content=\"summary_large_image\" \/>\n<meta name=\"twitter:label1\" content=\"Dur\u00e9e de lecture estim\u00e9e\" \/>\n\t<meta name=\"twitter:data1\" content=\"1 minute\" \/>\n<script type=\"application\/ld+json\" class=\"yoast-schema-graph\">{\"@context\":\"https:\/\/schema.org\",\"@graph\":[{\"@type\":\"WebPage\",\"@id\":\"https:\/\/www.dental-lab-china.com\/contact-us\/\",\"url\":\"https:\/\/www.dental-lab-china.com\/contact-us\/\",\"name\":\"Contact Us - Bright Dental Lab\",\"isPartOf\":{\"@id\":\"https:\/\/www.dental-lab-china.com\/#website\"},\"datePublished\":\"2022-01-05T06:39:28+00:00\",\"dateModified\":\"2026-01-26T05:21:05+00:00\",\"breadcrumb\":{\"@id\":\"https:\/\/www.dental-lab-china.com\/contact-us\/#breadcrumb\"},\"inLanguage\":\"fr-FR\",\"potentialAction\":[{\"@type\":\"ReadAction\",\"target\":[\"https:\/\/www.dental-lab-china.com\/contact-us\/\"]}]},{\"@type\":\"BreadcrumbList\",\"@id\":\"https:\/\/www.dental-lab-china.com\/contact-us\/#breadcrumb\",\"itemListElement\":[{\"@type\":\"ListItem\",\"position\":1,\"name\":\"Home\",\"item\":\"https:\/\/www.dental-lab-china.com\/\"},{\"@type\":\"ListItem\",\"position\":2,\"name\":\"Contact Us\"}]},{\"@type\":\"WebSite\",\"@id\":\"https:\/\/www.dental-lab-china.com\/#website\",\"url\":\"https:\/\/www.dental-lab-china.com\/\",\"name\":\"Bright Dental Lab\",\"description\":\"Best Outsourcing Dental Lab\",\"publisher\":{\"@id\":\"https:\/\/www.dental-lab-china.com\/#organization\"},\"potentialAction\":[{\"@type\":\"SearchAction\",\"target\":{\"@type\":\"EntryPoint\",\"urlTemplate\":\"https:\/\/www.dental-lab-china.com\/?s={search_term_string}\"},\"query-input\":{\"@type\":\"PropertyValueSpecification\",\"valueRequired\":true,\"valueName\":\"search_term_string\"}}],\"inLanguage\":\"fr-FR\"},{\"@type\":\"Organization\",\"@id\":\"https:\/\/www.dental-lab-china.com\/#organization\",\"name\":\"Bright Dental Lab\",\"url\":\"https:\/\/www.dental-lab-china.com\/\",\"logo\":{\"@type\":\"ImageObject\",\"inLanguage\":\"fr-FR\",\"@id\":\"https:\/\/www.dental-lab-china.com\/#\/schema\/logo\/image\/\",\"url\":\"https:\/\/www.dental-lab-china.com\/wp-content\/uploads\/2022\/05\/dlc-logo.png\",\"contentUrl\":\"https:\/\/www.dental-lab-china.com\/wp-content\/uploads\/2022\/05\/dlc-logo.png\",\"width\":367,\"height\":95,\"caption\":\"Bright Dental Lab\"},\"image\":{\"@id\":\"https:\/\/www.dental-lab-china.com\/#\/schema\/logo\/image\/\"}}]}<\/script>\n<!-- \/ Yoast SEO plugin. -->","yoast_head_json":{"title":"Contact Us - Bright Dental Lab","robots":{"index":"index","follow":"follow","max-snippet":"max-snippet:-1","max-image-preview":"max-image-preview:large","max-video-preview":"max-video-preview:-1"},"canonical":"https:\/\/www.dental-lab-china.com\/fr\/contact-us\/","og_locale":"fr_FR","og_type":"article","og_title":"Contact Us - Bright Dental Lab","og_description":"GET IN TOUCH Contact Outsourcing Professor To contact with our professional team, please complete the form available on this page. Otherwise, we welcome you to contact us by phone or Email directly. Submit Our Address Please find us by methods below: Headquarters 4\/F, Building 1 HeTai Industrial Area ,HePing Community , FuYong Town Bao&#8217;an District, [&hellip;]","og_url":"https:\/\/www.dental-lab-china.com\/fr\/contact-us\/","og_site_name":"Bright Dental Lab","article_modified_time":"2026-01-26T05:21:05+00:00","twitter_card":"summary_large_image","twitter_misc":{"Dur\u00e9e de lecture estim\u00e9e":"1 minute"},"schema":{"@context":"https:\/\/schema.org","@graph":[{"@type":"WebPage","@id":"https:\/\/www.dental-lab-china.com\/contact-us\/","url":"https:\/\/www.dental-lab-china.com\/contact-us\/","name":"Contact Us - Bright Dental Lab","isPartOf":{"@id":"https:\/\/www.dental-lab-china.com\/#website"},"datePublished":"2022-01-05T06:39:28+00:00","dateModified":"2026-01-26T05:21:05+00:00","breadcrumb":{"@id":"https:\/\/www.dental-lab-china.com\/contact-us\/#breadcrumb"},"inLanguage":"fr-FR","potentialAction":[{"@type":"ReadAction","target":["https:\/\/www.dental-lab-china.com\/contact-us\/"]}]},{"@type":"BreadcrumbList","@id":"https:\/\/www.dental-lab-china.com\/contact-us\/#breadcrumb","itemListElement":[{"@type":"ListItem","position":1,"name":"Home","item":"https:\/\/www.dental-lab-china.com\/"},{"@type":"ListItem","position":2,"name":"Contact Us"}]},{"@type":"WebSite","@id":"https:\/\/www.dental-lab-china.com\/#website","url":"https:\/\/www.dental-lab-china.com\/","name":"Bright Dental Lab","description":"Best Outsourcing Dental Lab","publisher":{"@id":"https:\/\/www.dental-lab-china.com\/#organization"},"potentialAction":[{"@type":"SearchAction","target":{"@type":"EntryPoint","urlTemplate":"https:\/\/www.dental-lab-china.com\/?s={search_term_string}"},"query-input":{"@type":"PropertyValueSpecification","valueRequired":true,"valueName":"search_term_string"}}],"inLanguage":"fr-FR"},{"@type":"Organization","@id":"https:\/\/www.dental-lab-china.com\/#organization","name":"Bright Dental Lab","url":"https:\/\/www.dental-lab-china.com\/","logo":{"@type":"ImageObject","inLanguage":"fr-FR","@id":"https:\/\/www.dental-lab-china.com\/#\/schema\/logo\/image\/","url":"https:\/\/www.dental-lab-china.com\/wp-content\/uploads\/2022\/05\/dlc-logo.png","contentUrl":"https:\/\/www.dental-lab-china.com\/wp-content\/uploads\/2022\/05\/dlc-logo.png","width":367,"height":95,"caption":"Bright Dental Lab"},"image":{"@id":"https:\/\/www.dental-lab-china.com\/#\/schema\/logo\/image\/"}}]}},"_links":{"self":[{"href":"https:\/\/www.dental-lab-china.com\/fr\/wp-json\/wp\/v2\/pages\/71","targetHints":{"allow":["GET"]}}],"collection":[{"href":"https:\/\/www.dental-lab-china.com\/fr\/wp-json\/wp\/v2\/pages"}],"about":[{"href":"https:\/\/www.dental-lab-china.com\/fr\/wp-json\/wp\/v2\/types\/page"}],"author":[{"embeddable":true,"href":"https:\/\/www.dental-lab-china.com\/fr\/wp-json\/wp\/v2\/users\/1"}],"replies":[{"embeddable":true,"href":"https:\/\/www.dental-lab-china.com\/fr\/wp-json\/wp\/v2\/comments?post=71"}],"version-history":[{"count":44,"href":"https:\/\/www.dental-lab-china.com\/fr\/wp-json\/wp\/v2\/pages\/71\/revisions"}],"predecessor-version":[{"id":4870,"href":"https:\/\/www.dental-lab-china.com\/fr\/wp-json\/wp\/v2\/pages\/71\/revisions\/4870"}],"wp:attachment":[{"href":"https:\/\/www.dental-lab-china.com\/fr\/wp-json\/wp\/v2\/media?parent=71"}],"curies":[{"name":"wp","href":"https:\/\/api.w.org\/{rel}","templated":true}]}}