{"id":3117,"date":"2023-12-13T02:49:45","date_gmt":"2023-12-13T02:49:45","guid":{"rendered":"https:\/\/www.dental-lab-china.com\/?page_id=3117"},"modified":"2025-09-03T09:03:22","modified_gmt":"2025-09-03T09:03:22","slug":"clear-aligners","status":"publish","type":"page","link":"https:\/\/www.dental-lab-china.com\/fr\/clear-aligners\/","title":{"rendered":"Effacer les aligneurs"},"content":{"rendered":"<div data-elementor-type=\"wp-page\" data-elementor-id=\"3117\" class=\"elementor elementor-3117\">\n\t\t\t\t\t\t<section class=\"elementor-section elementor-top-section elementor-element elementor-element-381d19e elementor-section-boxed elementor-section-height-default elementor-section-height-default\" data-id=\"381d19e\" data-element_type=\"section\" data-e-type=\"section\">\n\t\t\t\t\t\t<div class=\"elementor-container elementor-column-gap-default\">\n\t\t\t\t\t<div class=\"elementor-column elementor-col-100 elementor-top-column elementor-element elementor-element-44c0331\" data-id=\"44c0331\" data-element_type=\"column\" data-e-type=\"column\">\n\t\t\t<div class=\"elementor-widget-wrap elementor-element-populated\">\n\t\t\t\t\t\t<div class=\"elementor-element elementor-element-4bfdcc5 elementor-widget elementor-widget-heading\" data-id=\"4bfdcc5\" data-element_type=\"widget\" data-e-type=\"widget\" data-widget_type=\"heading.default\">\n\t\t\t\t\t<h4 class=\"elementor-heading-title elementor-size-default\">EXIGENCES EN MATI\u00c8RE DE DONN\u00c9ES<\/h4>\t\t\t\t<\/div>\n\t\t\t\t<div class=\"elementor-element elementor-element-eb35818 elementor-widget elementor-widget-text-editor\" data-id=\"eb35818\" data-element_type=\"widget\" data-e-type=\"widget\" data-widget_type=\"text-editor.default\">\n\t\t\t\t\t\t\t\t\t<h5>1. CBCT (non obligatoire)<\/h5><p>Format de fichier DICOM uniquement. Sortez et enregistrez votre CBCT au format DICOM (.dcm) avant de le t\u00e9l\u00e9charger.<\/p><h5>2. radiographie c\u00e9phalom\u00e9trique (non obligatoire)<\/h5><p>Le fichier DICOM OU le format PHOTO peuvent \u00eatre utilis\u00e9s.<\/p><h5>3. radiographie panoramique (obligatoire)<\/h5><p>Le fichier DICOM OU le format PHOTO peuvent \u00eatre utilis\u00e9s.<\/p><h5>4. les scanners intra-oraux (IOS) ou les mod\u00e8les num\u00e9riques des m\u00e2choires sup\u00e9rieure et inf\u00e9rieure sont obligatoires.<\/h5><p>Veillez \u00e0 ce que l'occlusion des parties sup\u00e9rieure et inf\u00e9rieure soit correcte.<\/p><h5>5. photos extra-orales<\/h5><p>Les photos extra-orales sont obligatoires<\/p><h5>6. photos intra-orales\u00a0<\/h5><p>Les photos intra-orales sont obligatoires.<\/p>\t\t\t\t\t\t\t\t<\/div>\n\t\t\t\t<div class=\"elementor-element elementor-element-d4fbd22 elementor-widget elementor-widget-image\" data-id=\"d4fbd22\" data-element_type=\"widget\" data-e-type=\"widget\" data-widget_type=\"image.default\">\n\t\t\t\t\t\t\t\t\t\t\t\t\t\t\t<img fetchpriority=\"high\" decoding=\"async\" width=\"1280\" height=\"720\" src=\"https:\/\/www.dental-lab-china.com\/wp-content\/uploads\/2024\/09\/DATA-REQUIREMENTS.jpg\" class=\"attachment-full size-full wp-image-4011\" alt=\"\" srcset=\"https:\/\/www.dental-lab-china.com\/wp-content\/uploads\/2024\/09\/DATA-REQUIREMENTS.jpg 1280w, https:\/\/www.dental-lab-china.com\/wp-content\/uploads\/2024\/09\/DATA-REQUIREMENTS-300x169.jpg 300w, https:\/\/www.dental-lab-china.com\/wp-content\/uploads\/2024\/09\/DATA-REQUIREMENTS-1024x576.jpg 1024w, https:\/\/www.dental-lab-china.com\/wp-content\/uploads\/2024\/09\/DATA-REQUIREMENTS-768x432.jpg 768w, https:\/\/www.dental-lab-china.com\/wp-content\/uploads\/2024\/09\/DATA-REQUIREMENTS-18x10.jpg 18w\" sizes=\"(max-width: 1280px) 100vw, 1280px\" \/>\t\t\t\t\t\t\t\t\t\t\t\t\t\t\t<\/div>\n\t\t\t\t<div class=\"elementor-element elementor-element-cc688d1 elementor-widget elementor-widget-image\" data-id=\"cc688d1\" data-element_type=\"widget\" data-e-type=\"widget\" data-widget_type=\"image.default\">\n\t\t\t\t\t\t\t\t\t\t\t\t\t\t\t<img decoding=\"async\" width=\"1283\" height=\"720\" src=\"https:\/\/www.dental-lab-china.com\/wp-content\/uploads\/2024\/09\/\u5c4f\u5e55\u622a\u56fe-2024-09-18-144444-1.jpg\" class=\"attachment-full size-full wp-image-4022\" alt=\"\" srcset=\"https:\/\/www.dental-lab-china.com\/wp-content\/uploads\/2024\/09\/\u5c4f\u5e55\u622a\u56fe-2024-09-18-144444-1.jpg 1283w, https:\/\/www.dental-lab-china.com\/wp-content\/uploads\/2024\/09\/\u5c4f\u5e55\u622a\u56fe-2024-09-18-144444-1-300x168.jpg 300w, https:\/\/www.dental-lab-china.com\/wp-content\/uploads\/2024\/09\/\u5c4f\u5e55\u622a\u56fe-2024-09-18-144444-1-1024x575.jpg 1024w, https:\/\/www.dental-lab-china.com\/wp-content\/uploads\/2024\/09\/\u5c4f\u5e55\u622a\u56fe-2024-09-18-144444-1-768x431.jpg 768w, https:\/\/www.dental-lab-china.com\/wp-content\/uploads\/2024\/09\/\u5c4f\u5e55\u622a\u56fe-2024-09-18-144444-1-18x10.jpg 18w\" sizes=\"(max-width: 1283px) 100vw, 1283px\" \/>\t\t\t\t\t\t\t\t\t\t\t\t\t\t\t<\/div>\n\t\t\t\t<div class=\"elementor-element elementor-element-7aa1d3c elementor-widget elementor-widget-image\" data-id=\"7aa1d3c\" data-element_type=\"widget\" data-e-type=\"widget\" data-widget_type=\"image.default\">\n\t\t\t\t\t\t\t\t\t\t\t\t\t\t\t<img decoding=\"async\" width=\"2560\" height=\"1438\" src=\"https:\/\/www.dental-lab-china.com\/wp-content\/uploads\/2024\/09\/\u5c4f\u5e55\u622a\u56fe-2024-09-18-145922-2-scaled.jpg\" class=\"attachment-full size-full wp-image-4035\" alt=\"\" srcset=\"https:\/\/www.dental-lab-china.com\/wp-content\/uploads\/2024\/09\/\u5c4f\u5e55\u622a\u56fe-2024-09-18-145922-2-scaled.jpg 2560w, https:\/\/www.dental-lab-china.com\/wp-content\/uploads\/2024\/09\/\u5c4f\u5e55\u622a\u56fe-2024-09-18-145922-2-300x168.jpg 300w, https:\/\/www.dental-lab-china.com\/wp-content\/uploads\/2024\/09\/\u5c4f\u5e55\u622a\u56fe-2024-09-18-145922-2-1024x575.jpg 1024w, https:\/\/www.dental-lab-china.com\/wp-content\/uploads\/2024\/09\/\u5c4f\u5e55\u622a\u56fe-2024-09-18-145922-2-768x431.jpg 768w, https:\/\/www.dental-lab-china.com\/wp-content\/uploads\/2024\/09\/\u5c4f\u5e55\u622a\u56fe-2024-09-18-145922-2-1536x863.jpg 1536w, https:\/\/www.dental-lab-china.com\/wp-content\/uploads\/2024\/09\/\u5c4f\u5e55\u622a\u56fe-2024-09-18-145922-2-2048x1150.jpg 2048w, https:\/\/www.dental-lab-china.com\/wp-content\/uploads\/2024\/09\/\u5c4f\u5e55\u622a\u56fe-2024-09-18-145922-2-18x10.jpg 18w\" sizes=\"(max-width: 2560px) 100vw, 2560px\" \/>\t\t\t\t\t\t\t\t\t\t\t\t\t\t\t<\/div>\n\t\t\t\t\t<\/div>\n\t\t<\/div>\n\t\t\t\t\t<\/div>\n\t\t<\/section>\n\t\t\t\t<section class=\"elementor-section elementor-top-section elementor-element elementor-element-4c635fb elementor-section-boxed elementor-section-height-default elementor-section-height-default\" data-id=\"4c635fb\" data-element_type=\"section\" data-e-type=\"section\">\n\t\t\t\t\t\t<div class=\"elementor-container elementor-column-gap-default\">\n\t\t\t\t\t<div class=\"elementor-column elementor-col-50 elementor-top-column elementor-element elementor-element-22acfba\" data-id=\"22acfba\" data-element_type=\"column\" data-e-type=\"column\">\n\t\t\t<div class=\"elementor-widget-wrap elementor-element-populated\">\n\t\t\t\t\t\t<div class=\"elementor-element elementor-element-06efa8b elementor-widget elementor-widget-image\" data-id=\"06efa8b\" data-element_type=\"widget\" data-e-type=\"widget\" data-widget_type=\"image.default\">\n\t\t\t\t\t\t\t\t\t\t\t\t\t\t\t<img loading=\"lazy\" decoding=\"async\" width=\"400\" height=\"267\" src=\"https:\/\/www.dental-lab-china.com\/wp-content\/uploads\/2025\/06\/ac262a8cacbfeedf212e2a8c35813b9.jpg\" class=\"attachment-dentalo_400x270 size-dentalo_400x270 wp-image-4489\" alt=\"\" srcset=\"https:\/\/www.dental-lab-china.com\/wp-content\/uploads\/2025\/06\/ac262a8cacbfeedf212e2a8c35813b9.jpg 400w, https:\/\/www.dental-lab-china.com\/wp-content\/uploads\/2025\/06\/ac262a8cacbfeedf212e2a8c35813b9-300x200.jpg 300w, https:\/\/www.dental-lab-china.com\/wp-content\/uploads\/2025\/06\/ac262a8cacbfeedf212e2a8c35813b9-18x12.jpg 18w\" sizes=\"(max-width: 400px) 100vw, 400px\" \/>\t\t\t\t\t\t\t\t\t\t\t\t\t\t\t<\/div>\n\t\t\t\t<div class=\"elementor-element elementor-element-bba8eca elementor-widget elementor-widget-image\" data-id=\"bba8eca\" data-element_type=\"widget\" data-e-type=\"widget\" data-widget_type=\"image.default\">\n\t\t\t\t\t\t\t\t\t\t\t\t\t\t\t<img loading=\"lazy\" decoding=\"async\" width=\"400\" height=\"270\" src=\"https:\/\/www.dental-lab-china.com\/wp-content\/uploads\/2025\/06\/37ecd452ca5a9f9863dcd421175ce90.jpg\" class=\"attachment-dentalo_400x270 size-dentalo_400x270 wp-image-4493\" alt=\"\" srcset=\"https:\/\/www.dental-lab-china.com\/wp-content\/uploads\/2025\/06\/37ecd452ca5a9f9863dcd421175ce90.jpg 400w, https:\/\/www.dental-lab-china.com\/wp-content\/uploads\/2025\/06\/37ecd452ca5a9f9863dcd421175ce90-300x203.jpg 300w, https:\/\/www.dental-lab-china.com\/wp-content\/uploads\/2025\/06\/37ecd452ca5a9f9863dcd421175ce90-18x12.jpg 18w\" sizes=\"(max-width: 400px) 100vw, 400px\" \/>\t\t\t\t\t\t\t\t\t\t\t\t\t\t\t<\/div>\n\t\t\t\t<div class=\"elementor-element elementor-element-b8fe6f4 elementor-widget elementor-widget-image\" data-id=\"b8fe6f4\" data-element_type=\"widget\" data-e-type=\"widget\" data-widget_type=\"image.default\">\n\t\t\t\t\t\t\t\t\t\t\t\t\t\t\t<img loading=\"lazy\" decoding=\"async\" width=\"400\" height=\"270\" src=\"https:\/\/www.dental-lab-china.com\/wp-content\/uploads\/2024\/06\/20240619155228-400x270.jpg\" class=\"attachment-dentalo_400x270 size-dentalo_400x270 wp-image-3724\" alt=\"\" srcset=\"https:\/\/www.dental-lab-china.com\/wp-content\/uploads\/2024\/06\/20240619155228-400x270.jpg 400w, https:\/\/www.dental-lab-china.com\/wp-content\/uploads\/2024\/06\/20240619155228-16x12.jpg 16w\" sizes=\"(max-width: 400px) 100vw, 400px\" \/>\t\t\t\t\t\t\t\t\t\t\t\t\t\t\t<\/div>\n\t\t\t\t\t<\/div>\n\t\t<\/div>\n\t\t\t\t<div class=\"elementor-column elementor-col-50 elementor-top-column elementor-element elementor-element-ae45078\" data-id=\"ae45078\" data-element_type=\"column\" data-e-type=\"column\">\n\t\t\t<div class=\"elementor-widget-wrap elementor-element-populated\">\n\t\t\t\t\t\t<div class=\"elementor-element elementor-element-9531088 elementor-widget elementor-widget-image\" data-id=\"9531088\" data-element_type=\"widget\" data-e-type=\"widget\" data-widget_type=\"image.default\">\n\t\t\t\t\t\t\t\t\t\t\t\t\t\t\t<img loading=\"lazy\" decoding=\"async\" width=\"400\" height=\"267\" src=\"https:\/\/www.dental-lab-china.com\/wp-content\/uploads\/2025\/06\/9f00642b8b42f87fa08d2a6ce9e637d.jpg\" class=\"attachment-dentalo_400x270 size-dentalo_400x270 wp-image-4490\" alt=\"\" srcset=\"https:\/\/www.dental-lab-china.com\/wp-content\/uploads\/2025\/06\/9f00642b8b42f87fa08d2a6ce9e637d.jpg 400w, https:\/\/www.dental-lab-china.com\/wp-content\/uploads\/2025\/06\/9f00642b8b42f87fa08d2a6ce9e637d-300x200.jpg 300w, https:\/\/www.dental-lab-china.com\/wp-content\/uploads\/2025\/06\/9f00642b8b42f87fa08d2a6ce9e637d-18x12.jpg 18w\" sizes=\"(max-width: 400px) 100vw, 400px\" \/>\t\t\t\t\t\t\t\t\t\t\t\t\t\t\t<\/div>\n\t\t\t\t<div class=\"elementor-element elementor-element-c483f00 elementor-widget elementor-widget-image\" data-id=\"c483f00\" data-element_type=\"widget\" data-e-type=\"widget\" data-widget_type=\"image.default\">\n\t\t\t\t\t\t\t\t\t\t\t\t\t\t\t<img loading=\"lazy\" decoding=\"async\" width=\"400\" height=\"270\" src=\"https:\/\/www.dental-lab-china.com\/wp-content\/uploads\/2025\/06\/73c65182a1ffb253397f888cf3b6db1.jpg\" class=\"attachment-dentalo_400x270 size-dentalo_400x270 wp-image-4492\" alt=\"\" srcset=\"https:\/\/www.dental-lab-china.com\/wp-content\/uploads\/2025\/06\/73c65182a1ffb253397f888cf3b6db1.jpg 400w, https:\/\/www.dental-lab-china.com\/wp-content\/uploads\/2025\/06\/73c65182a1ffb253397f888cf3b6db1-300x203.jpg 300w, https:\/\/www.dental-lab-china.com\/wp-content\/uploads\/2025\/06\/73c65182a1ffb253397f888cf3b6db1-18x12.jpg 18w\" sizes=\"(max-width: 400px) 100vw, 400px\" \/>\t\t\t\t\t\t\t\t\t\t\t\t\t\t\t<\/div>\n\t\t\t\t<div class=\"elementor-element elementor-element-b0fc51a elementor-widget elementor-widget-image\" data-id=\"b0fc51a\" data-element_type=\"widget\" data-e-type=\"widget\" data-widget_type=\"image.default\">\n\t\t\t\t\t\t\t\t\t\t\t\t\t\t\t<img loading=\"lazy\" decoding=\"async\" width=\"400\" height=\"270\" src=\"https:\/\/www.dental-lab-china.com\/wp-content\/uploads\/2025\/09\/clear_aligners_20250903170213_41-1-400x270.jpg\" class=\"attachment-dentalo_400x270 size-dentalo_400x270 wp-image-4671\" alt=\"\" srcset=\"https:\/\/www.dental-lab-china.com\/wp-content\/uploads\/2025\/09\/clear_aligners_20250903170213_41-1-400x270.jpg 400w, https:\/\/www.dental-lab-china.com\/wp-content\/uploads\/2025\/09\/clear_aligners_20250903170213_41-1-18x12.jpg 18w\" sizes=\"(max-width: 400px) 100vw, 400px\" \/>\t\t\t\t\t\t\t\t\t\t\t\t\t\t\t<\/div>\n\t\t\t\t\t<\/div>\n\t\t<\/div>\n\t\t\t\t\t<\/div>\n\t\t<\/section>\n\t\t\t\t<section class=\"elementor-section elementor-top-section elementor-element elementor-element-9752633 elementor-section-full_width elementor-section-height-default elementor-section-height-default\" data-id=\"9752633\" data-element_type=\"section\" data-e-type=\"section\">\n\t\t\t\t\t\t<div class=\"elementor-container elementor-column-gap-default\">\n\t\t\t\t\t<div class=\"elementor-column elementor-col-100 elementor-top-column elementor-element elementor-element-60f605f\" data-id=\"60f605f\" data-element_type=\"column\" data-e-type=\"column\">\n\t\t\t<div class=\"elementor-widget-wrap elementor-element-populated\">\n\t\t\t\t\t\t<div class=\"elementor-element elementor-element-5226814 elementor-widget elementor-widget-dentalo_call_to_action_2\" data-id=\"5226814\" data-element_type=\"widget\" data-e-type=\"widget\" data-widget_type=\"dentalo_call_to_action_2.default\">\n\t\t\t\t<div class=\"elementor-widget-container\">\n\t\t\t\t\t         \n    <!-- cta section -->\n    <section class=\"cta\">\n        <div class=\"container\">\n            <div class=\"bg\" style=\"background-image: url(https:\/\/www.dental-lab-china.com\/wp-content\/uploads\/2022\/02\/cta.jpg);\">\n                <div class=\"row align-items-center\">\n                    <div class=\"col-lg-8\">\n                        <div class=\"cta-block\">\n                            <h4>Appelez-nous au <span>+86-136-1309-6118<\/span> <br> ou email <samp>service@dental-lab-china.com<\/samp><\/h4>                            \n                        <\/div>\n                    <\/div>\n                                        <div class=\"col-lg-4\">\n                        <div class=\"cta-block\">\n                            <div class=\"text-lg-right\">\n                                <a href=\"https:\/\/www.dental-lab-china.com\/fr\/send-a-case\/\" class=\"btn-cta\">Envoyer un dossier<i class=\"far fa-arrow-circle-right\"><\/i><\/a>\n                            <\/div>\n                        <\/div>\n                    <\/div>\n                                    <\/div>\n            <\/div>\n        <\/div>\n    <\/section>\n    \t\n\t\t\t\t\t<\/div>\n\t\t\t\t<\/div>\n\t\t\t\t\t<\/div>\n\t\t<\/div>\n\t\t\t\t\t<\/div>\n\t\t<\/section>\n\t\t\t\t<\/div>","protected":false},"excerpt":{"rendered":"<p>EXIGENCES EN MATI\u00c8RE DE DONN\u00c9ES 1. CBCT (non obligatoire) Format de fichier DICOM uniquement. Produisez et enregistrez votre CBCT au format DICOM (.dcm) avant de le t\u00e9l\u00e9charger. 2. radiographie c\u00e9phalom\u00e9trique (non obligatoire) Le fichier DICOM ou le format PHOTO peuvent \u00eatre utilis\u00e9s. 3. radiographie panoramique (obligatoire) Le fichier DICOM ou le format PHOTO peuvent \u00eatre utilis\u00e9s. 4. scans intra-oraux (IOS) ou mod\u00e8les num\u00e9riques de la m\u00e2choire sup\u00e9rieure et inf\u00e9rieure sont [...]<\/p>","protected":false},"author":2,"featured_media":0,"parent":0,"menu_order":0,"comment_status":"closed","ping_status":"closed","template":"tpl-default-elementor.php","meta":{"footnotes":""},"class_list":["post-3117","page","type-page","status-publish","hentry"],"yoast_head":"<!-- This site is optimized with the Yoast SEO plugin v27.0 - https:\/\/yoast.com\/product\/yoast-seo-wordpress\/ -->\n<title>Clear Aligners - Bright Dental Lab<\/title>\n<meta name=\"robots\" content=\"index, follow, max-snippet:-1, max-image-preview:large, max-video-preview:-1\" \/>\n<link rel=\"canonical\" href=\"https:\/\/www.dental-lab-china.com\/fr\/clear-aligners\/\" \/>\n<meta property=\"og:locale\" content=\"fr_FR\" \/>\n<meta property=\"og:type\" content=\"article\" \/>\n<meta property=\"og:title\" content=\"Clear Aligners - Bright Dental Lab\" \/>\n<meta property=\"og:description\" content=\"DATA REQUIREMENTS 1.CBCT\u00a0 ( Non-mandatory) DICOM file format only. Output and save your CBCT in dicom (.dcm) before upload. 2.Cephalometric x-ray\u00a0 ( Non-mandatory) DICOM file OR PHOTO format can be used. 3.Panoramic X-ray \u00a0( Mandatory) DICOM file OR PHOTO format can be used. 4.Intra-oral Scans (IOS) or digital models of upper and lower jaw are [&hellip;]\" \/>\n<meta property=\"og:url\" content=\"https:\/\/www.dental-lab-china.com\/fr\/clear-aligners\/\" \/>\n<meta property=\"og:site_name\" content=\"Bright Dental Lab\" \/>\n<meta property=\"article:modified_time\" content=\"2025-09-03T09:03:22+00:00\" \/>\n<meta property=\"og:image\" content=\"https:\/\/www.dental-lab-china.com\/wp-content\/uploads\/2024\/09\/DATA-REQUIREMENTS.jpg\" \/>\n<meta name=\"twitter:card\" content=\"summary_large_image\" \/>\n<meta name=\"twitter:label1\" content=\"Dur\u00e9e de lecture estim\u00e9e\" \/>\n\t<meta name=\"twitter:data1\" content=\"3 minutes\" \/>\n<script type=\"application\/ld+json\" class=\"yoast-schema-graph\">{\"@context\":\"https:\/\/schema.org\",\"@graph\":[{\"@type\":\"WebPage\",\"@id\":\"https:\/\/www.dental-lab-china.com\/clear-aligners\/\",\"url\":\"https:\/\/www.dental-lab-china.com\/clear-aligners\/\",\"name\":\"Clear Aligners - Bright Dental Lab\",\"isPartOf\":{\"@id\":\"https:\/\/www.dental-lab-china.com\/#website\"},\"primaryImageOfPage\":{\"@id\":\"https:\/\/www.dental-lab-china.com\/clear-aligners\/#primaryimage\"},\"image\":{\"@id\":\"https:\/\/www.dental-lab-china.com\/clear-aligners\/#primaryimage\"},\"thumbnailUrl\":\"https:\/\/www.dental-lab-china.com\/wp-content\/uploads\/2024\/09\/DATA-REQUIREMENTS.jpg\",\"datePublished\":\"2023-12-13T02:49:45+00:00\",\"dateModified\":\"2025-09-03T09:03:22+00:00\",\"breadcrumb\":{\"@id\":\"https:\/\/www.dental-lab-china.com\/clear-aligners\/#breadcrumb\"},\"inLanguage\":\"fr-FR\",\"potentialAction\":[{\"@type\":\"ReadAction\",\"target\":[\"https:\/\/www.dental-lab-china.com\/clear-aligners\/\"]}]},{\"@type\":\"ImageObject\",\"inLanguage\":\"fr-FR\",\"@id\":\"https:\/\/www.dental-lab-china.com\/clear-aligners\/#primaryimage\",\"url\":\"https:\/\/www.dental-lab-china.com\/wp-content\/uploads\/2024\/09\/DATA-REQUIREMENTS.jpg\",\"contentUrl\":\"https:\/\/www.dental-lab-china.com\/wp-content\/uploads\/2024\/09\/DATA-REQUIREMENTS.jpg\"},{\"@type\":\"BreadcrumbList\",\"@id\":\"https:\/\/www.dental-lab-china.com\/clear-aligners\/#breadcrumb\",\"itemListElement\":[{\"@type\":\"ListItem\",\"position\":1,\"name\":\"Home\",\"item\":\"https:\/\/www.dental-lab-china.com\/\"},{\"@type\":\"ListItem\",\"position\":2,\"name\":\"Clear Aligners\"}]},{\"@type\":\"WebSite\",\"@id\":\"https:\/\/www.dental-lab-china.com\/#website\",\"url\":\"https:\/\/www.dental-lab-china.com\/\",\"name\":\"Bright Dental Lab\",\"description\":\"Best Outsourcing Dental Lab\",\"publisher\":{\"@id\":\"https:\/\/www.dental-lab-china.com\/#organization\"},\"potentialAction\":[{\"@type\":\"SearchAction\",\"target\":{\"@type\":\"EntryPoint\",\"urlTemplate\":\"https:\/\/www.dental-lab-china.com\/?s={search_term_string}\"},\"query-input\":{\"@type\":\"PropertyValueSpecification\",\"valueRequired\":true,\"valueName\":\"search_term_string\"}}],\"inLanguage\":\"fr-FR\"},{\"@type\":\"Organization\",\"@id\":\"https:\/\/www.dental-lab-china.com\/#organization\",\"name\":\"Bright Dental Lab\",\"url\":\"https:\/\/www.dental-lab-china.com\/\",\"logo\":{\"@type\":\"ImageObject\",\"inLanguage\":\"fr-FR\",\"@id\":\"https:\/\/www.dental-lab-china.com\/#\/schema\/logo\/image\/\",\"url\":\"https:\/\/www.dental-lab-china.com\/wp-content\/uploads\/2022\/05\/dlc-logo.png\",\"contentUrl\":\"https:\/\/www.dental-lab-china.com\/wp-content\/uploads\/2022\/05\/dlc-logo.png\",\"width\":367,\"height\":95,\"caption\":\"Bright Dental Lab\"},\"image\":{\"@id\":\"https:\/\/www.dental-lab-china.com\/#\/schema\/logo\/image\/\"}}]}<\/script>\n<!-- \/ Yoast SEO plugin. -->","yoast_head_json":{"title":"Clear Aligners - Bright Dental Lab","robots":{"index":"index","follow":"follow","max-snippet":"max-snippet:-1","max-image-preview":"max-image-preview:large","max-video-preview":"max-video-preview:-1"},"canonical":"https:\/\/www.dental-lab-china.com\/fr\/clear-aligners\/","og_locale":"fr_FR","og_type":"article","og_title":"Clear Aligners - Bright Dental Lab","og_description":"DATA REQUIREMENTS 1.CBCT\u00a0 ( Non-mandatory) DICOM file format only. Output and save your CBCT in dicom (.dcm) before upload. 2.Cephalometric x-ray\u00a0 ( Non-mandatory) DICOM file OR PHOTO format can be used. 3.Panoramic X-ray \u00a0( Mandatory) DICOM file OR PHOTO format can be used. 4.Intra-oral Scans (IOS) or digital models of upper and lower jaw are [&hellip;]","og_url":"https:\/\/www.dental-lab-china.com\/fr\/clear-aligners\/","og_site_name":"Bright Dental Lab","article_modified_time":"2025-09-03T09:03:22+00:00","og_image":[{"url":"https:\/\/www.dental-lab-china.com\/wp-content\/uploads\/2024\/09\/DATA-REQUIREMENTS.jpg","type":"","width":"","height":""}],"twitter_card":"summary_large_image","twitter_misc":{"Dur\u00e9e de lecture estim\u00e9e":"3 minutes"},"schema":{"@context":"https:\/\/schema.org","@graph":[{"@type":"WebPage","@id":"https:\/\/www.dental-lab-china.com\/clear-aligners\/","url":"https:\/\/www.dental-lab-china.com\/clear-aligners\/","name":"Clear Aligners - Bright Dental Lab","isPartOf":{"@id":"https:\/\/www.dental-lab-china.com\/#website"},"primaryImageOfPage":{"@id":"https:\/\/www.dental-lab-china.com\/clear-aligners\/#primaryimage"},"image":{"@id":"https:\/\/www.dental-lab-china.com\/clear-aligners\/#primaryimage"},"thumbnailUrl":"https:\/\/www.dental-lab-china.com\/wp-content\/uploads\/2024\/09\/DATA-REQUIREMENTS.jpg","datePublished":"2023-12-13T02:49:45+00:00","dateModified":"2025-09-03T09:03:22+00:00","breadcrumb":{"@id":"https:\/\/www.dental-lab-china.com\/clear-aligners\/#breadcrumb"},"inLanguage":"fr-FR","potentialAction":[{"@type":"ReadAction","target":["https:\/\/www.dental-lab-china.com\/clear-aligners\/"]}]},{"@type":"ImageObject","inLanguage":"fr-FR","@id":"https:\/\/www.dental-lab-china.com\/clear-aligners\/#primaryimage","url":"https:\/\/www.dental-lab-china.com\/wp-content\/uploads\/2024\/09\/DATA-REQUIREMENTS.jpg","contentUrl":"https:\/\/www.dental-lab-china.com\/wp-content\/uploads\/2024\/09\/DATA-REQUIREMENTS.jpg"},{"@type":"BreadcrumbList","@id":"https:\/\/www.dental-lab-china.com\/clear-aligners\/#breadcrumb","itemListElement":[{"@type":"ListItem","position":1,"name":"Home","item":"https:\/\/www.dental-lab-china.com\/"},{"@type":"ListItem","position":2,"name":"Clear Aligners"}]},{"@type":"WebSite","@id":"https:\/\/www.dental-lab-china.com\/#website","url":"https:\/\/www.dental-lab-china.com\/","name":"Bright Dental Lab","description":"Best Outsourcing Dental Lab","publisher":{"@id":"https:\/\/www.dental-lab-china.com\/#organization"},"potentialAction":[{"@type":"SearchAction","target":{"@type":"EntryPoint","urlTemplate":"https:\/\/www.dental-lab-china.com\/?s={search_term_string}"},"query-input":{"@type":"PropertyValueSpecification","valueRequired":true,"valueName":"search_term_string"}}],"inLanguage":"fr-FR"},{"@type":"Organization","@id":"https:\/\/www.dental-lab-china.com\/#organization","name":"Bright Dental Lab","url":"https:\/\/www.dental-lab-china.com\/","logo":{"@type":"ImageObject","inLanguage":"fr-FR","@id":"https:\/\/www.dental-lab-china.com\/#\/schema\/logo\/image\/","url":"https:\/\/www.dental-lab-china.com\/wp-content\/uploads\/2022\/05\/dlc-logo.png","contentUrl":"https:\/\/www.dental-lab-china.com\/wp-content\/uploads\/2022\/05\/dlc-logo.png","width":367,"height":95,"caption":"Bright Dental Lab"},"image":{"@id":"https:\/\/www.dental-lab-china.com\/#\/schema\/logo\/image\/"}}]}},"_links":{"self":[{"href":"https:\/\/www.dental-lab-china.com\/fr\/wp-json\/wp\/v2\/pages\/3117","targetHints":{"allow":["GET"]}}],"collection":[{"href":"https:\/\/www.dental-lab-china.com\/fr\/wp-json\/wp\/v2\/pages"}],"about":[{"href":"https:\/\/www.dental-lab-china.com\/fr\/wp-json\/wp\/v2\/types\/page"}],"author":[{"embeddable":true,"href":"https:\/\/www.dental-lab-china.com\/fr\/wp-json\/wp\/v2\/users\/2"}],"replies":[{"embeddable":true,"href":"https:\/\/www.dental-lab-china.com\/fr\/wp-json\/wp\/v2\/comments?post=3117"}],"version-history":[{"count":90,"href":"https:\/\/www.dental-lab-china.com\/fr\/wp-json\/wp\/v2\/pages\/3117\/revisions"}],"predecessor-version":[{"id":4674,"href":"https:\/\/www.dental-lab-china.com\/fr\/wp-json\/wp\/v2\/pages\/3117\/revisions\/4674"}],"wp:attachment":[{"href":"https:\/\/www.dental-lab-china.com\/fr\/wp-json\/wp\/v2\/media?parent=3117"}],"curies":[{"name":"wp","href":"https:\/\/api.w.org\/{rel}","templated":true}]}}