{"id":2728,"date":"2023-02-21T06:49:27","date_gmt":"2023-02-21T06:49:27","guid":{"rendered":"https:\/\/www.dental-lab-china.com\/?page_id=2728"},"modified":"2024-12-10T07:19:34","modified_gmt":"2024-12-10T07:19:34","slug":"24-hour-hotline","status":"publish","type":"page","link":"https:\/\/www.dental-lab-china.com\/fr\/24-hour-hotline\/","title":{"rendered":"Ligne d&#039;assistance 24h\/24"},"content":{"rendered":"<div data-elementor-type=\"wp-page\" data-elementor-id=\"2728\" class=\"elementor elementor-2728\">\n\t\t\t\t\t\t<section class=\"elementor-section elementor-top-section elementor-element elementor-element-453c6e42 elementor-section-boxed elementor-section-height-default elementor-section-height-default\" data-id=\"453c6e42\" data-element_type=\"section\" data-e-type=\"section\">\n\t\t\t\t\t\t<div class=\"elementor-container elementor-column-gap-default\">\n\t\t\t\t\t<div class=\"elementor-column elementor-col-50 elementor-top-column elementor-element elementor-element-95dfd8e\" data-id=\"95dfd8e\" data-element_type=\"column\" data-e-type=\"column\">\n\t\t\t<div class=\"elementor-widget-wrap elementor-element-populated\">\n\t\t\t\t\t\t<div class=\"elementor-element elementor-element-f20087f elementor-widget elementor-widget-text-editor\" data-id=\"f20087f\" data-element_type=\"widget\" data-e-type=\"widget\" data-widget_type=\"text-editor.default\">\n\t\t\t\t\t\t\t\t\t<h2 class=\"block-title__sub_title\">ENVOYER UN CAS<\/h2>\t\t\t\t\t\t\t\t<\/div>\n\t\t\t\t<div class=\"elementor-element elementor-element-0381c6a elementor-widget elementor-widget-heading\" data-id=\"0381c6a\" data-element_type=\"widget\" data-e-type=\"widget\" data-widget_type=\"heading.default\">\n\t\t\t\t\t<h2 class=\"elementor-heading-title elementor-size-default\">Prestations de service<\/h2>\t\t\t\t<\/div>\n\t\t\t\t<div class=\"elementor-element elementor-element-87aa7a2 elementor-widget elementor-widget-text-editor\" data-id=\"87aa7a2\" data-element_type=\"widget\" data-e-type=\"widget\" data-widget_type=\"text-editor.default\">\n\t\t\t\t\t\t\t\t\tBright Dental Laboratory est un fournisseur de services mondial. Nous utilisons la priorit\u00e9 Toll du jour au lendemain pour garantir que votre travail soit collect\u00e9 et livr\u00e9 sans tracas et avec le service le plus rapide possible.\n<h3 class=\"about-four__sub-title\" style=\"    margin-top: 15px;\">Turnaround Time<\/h3>\t\t\t\t\t\t\t\t<\/div>\n\t\t\t\t<section class=\"elementor-section elementor-inner-section elementor-element elementor-element-a4dea1e elementor-section-boxed elementor-section-height-default elementor-section-height-default\" data-id=\"a4dea1e\" data-element_type=\"section\" data-e-type=\"section\">\n\t\t\t\t\t\t<div class=\"elementor-container elementor-column-gap-default\">\n\t\t\t\t\t<div class=\"elementor-column elementor-col-50 elementor-inner-column elementor-element elementor-element-911323f\" data-id=\"911323f\" data-element_type=\"column\" data-e-type=\"column\">\n\t\t\t<div class=\"elementor-widget-wrap elementor-element-populated\">\n\t\t\t\t\t\t<div class=\"elementor-element elementor-element-35c9b8b elementor-widget elementor-widget-text-editor\" data-id=\"35c9b8b\" data-element_type=\"widget\" data-e-type=\"widget\" data-widget_type=\"text-editor.default\">\n\t\t\t\t\t\t\t\t\t<p style=\"text-align: center;\"><strong>Europe &lt;\u4e00&gt; Hongkong<\/strong><br \/>Turnaround time(7-8 days)<br \/>Monday: Sent out from Europe<br \/>Wednesday: Received in HK<br \/>Saturdav: Returned from HK<br \/>Next Monday: Received in Europe<\/p>\t\t\t\t\t\t\t\t<\/div>\n\t\t\t\t\t<\/div>\n\t\t<\/div>\n\t\t\t\t<div class=\"elementor-column elementor-col-50 elementor-inner-column elementor-element elementor-element-ea28820\" data-id=\"ea28820\" data-element_type=\"column\" data-e-type=\"column\">\n\t\t\t<div class=\"elementor-widget-wrap elementor-element-populated\">\n\t\t\t\t\t\t<div class=\"elementor-element elementor-element-be1c968 elementor-widget elementor-widget-text-editor\" data-id=\"be1c968\" data-element_type=\"widget\" data-e-type=\"widget\" data-widget_type=\"text-editor.default\">\n\t\t\t\t\t\t\t\t\t<p style=\"text-align: center;\"><strong>USA &lt;\u4e00&gt; Hongkong<\/strong><br \/>Turnaround time(8-9 days)<br \/>Monday:Sent outfrom USA<br \/>Thursday: Received in HK<br \/>Next Monday:Returned from Hk<br \/>Next Tuesday: Received in USA<\/p>\t\t\t\t\t\t\t\t<\/div>\n\t\t\t\t\t<\/div>\n\t\t<\/div>\n\t\t\t\t\t<\/div>\n\t\t<\/section>\n\t\t\t\t<div class=\"elementor-element elementor-element-3ad4a8b elementor-widget elementor-widget-text-editor\" data-id=\"3ad4a8b\" data-element_type=\"widget\" data-e-type=\"widget\" data-widget_type=\"text-editor.default\">\n\t\t\t\t\t\t\t\t\t<h3 class=\"about-four__sub-title\" style=\"margin-top: 10px;\">RAMASSAGES ET SERVICES DE COURRIER<\/h3><p class=\"about-four__text\">Veuillez utiliser un scanner pour analyser les donn\u00e9es et nous envoyer le fichier, ce qui permet d&#039;\u00e9conomiser du temps et des frais de port.<br \/>Veuillez trouver ci-dessous votre partenaire appropri\u00e9, vous pouvez facilement nous envoyer le dossier. Ou veuillez utiliser votre m\u00e9thode pr\u00e9f\u00e9r\u00e9e pour\u00a0<a href=\"https:\/\/www.dental-lab-china.com\/fr\/contact-us\/\">Contactez-nous<\/a>, nous pouvons vous aider avec tout.<\/p>\t\t\t\t\t\t\t\t<\/div>\n\t\t\t\t\t<\/div>\n\t\t<\/div>\n\t\t\t\t<div class=\"elementor-column elementor-col-50 elementor-top-column elementor-element elementor-element-858ccfe\" data-id=\"858ccfe\" data-element_type=\"column\" data-e-type=\"column\">\n\t\t\t<div class=\"elementor-widget-wrap elementor-element-populated\">\n\t\t\t\t\t\t<div class=\"elementor-element elementor-element-916d1b7 elementor-widget elementor-widget-image\" data-id=\"916d1b7\" data-element_type=\"widget\" data-e-type=\"widget\" data-widget_type=\"image.default\">\n\t\t\t\t\t\t\t\t\t\t\t\t\t\t\t<img fetchpriority=\"high\" decoding=\"async\" width=\"900\" height=\"600\" src=\"https:\/\/www.dental-lab-china.com\/wp-content\/uploads\/2022\/06\/shipping-man.jpg\" class=\"attachment-full size-full wp-image-2389\" alt=\"\" srcset=\"https:\/\/www.dental-lab-china.com\/wp-content\/uploads\/2022\/06\/shipping-man.jpg 900w, https:\/\/www.dental-lab-china.com\/wp-content\/uploads\/2022\/06\/shipping-man-300x200.jpg 300w, https:\/\/www.dental-lab-china.com\/wp-content\/uploads\/2022\/06\/shipping-man-768x512.jpg 768w\" sizes=\"(max-width: 900px) 100vw, 900px\" \/>\t\t\t\t\t\t\t\t\t\t\t\t\t\t\t<\/div>\n\t\t\t\t\t<\/div>\n\t\t<\/div>\n\t\t\t\t\t<\/div>\n\t\t<\/section>\n\t\t\t\t<section class=\"elementor-section elementor-top-section elementor-element elementor-element-42c0e7c elementor-section-boxed elementor-section-height-default elementor-section-height-default\" data-id=\"42c0e7c\" data-element_type=\"section\" data-e-type=\"section\">\n\t\t\t\t\t\t<div class=\"elementor-container elementor-column-gap-default\">\n\t\t\t\t\t<div class=\"elementor-column elementor-col-50 elementor-top-column elementor-element elementor-element-535d9b0\" data-id=\"535d9b0\" data-element_type=\"column\" data-e-type=\"column\">\n\t\t\t<div class=\"elementor-widget-wrap elementor-element-populated\">\n\t\t\t\t\t\t<div class=\"elementor-element elementor-element-734858c elementor-widget elementor-widget-image\" data-id=\"734858c\" data-element_type=\"widget\" data-e-type=\"widget\" data-widget_type=\"image.default\">\n\t\t\t\t\t\t\t\t\t\t\t\t\t\t\t<img decoding=\"async\" width=\"898\" height=\"600\" src=\"https:\/\/www.dental-lab-china.com\/wp-content\/uploads\/2022\/06\/technical-support2.jpg\" class=\"attachment-full size-full wp-image-2437\" alt=\"\" srcset=\"https:\/\/www.dental-lab-china.com\/wp-content\/uploads\/2022\/06\/technical-support2.jpg 898w, https:\/\/www.dental-lab-china.com\/wp-content\/uploads\/2022\/06\/technical-support2-300x200.jpg 300w, https:\/\/www.dental-lab-china.com\/wp-content\/uploads\/2022\/06\/technical-support2-768x513.jpg 768w\" sizes=\"(max-width: 898px) 100vw, 898px\" \/>\t\t\t\t\t\t\t\t\t\t\t\t\t\t\t<\/div>\n\t\t\t\t\t<\/div>\n\t\t<\/div>\n\t\t\t\t<div class=\"elementor-column elementor-col-50 elementor-top-column elementor-element elementor-element-a28da90\" data-id=\"a28da90\" data-element_type=\"column\" data-e-type=\"column\">\n\t\t\t<div class=\"elementor-widget-wrap elementor-element-populated\">\n\t\t\t\t\t\t<div class=\"elementor-element elementor-element-9f28389 elementor-widget elementor-widget-heading\" data-id=\"9f28389\" data-element_type=\"widget\" data-e-type=\"widget\" data-widget_type=\"heading.default\">\n\t\t\t\t\t<h2 class=\"elementor-heading-title elementor-size-default\">SOUTIEN TECHNIQUE<\/h2>\t\t\t\t<\/div>\n\t\t\t\t<div class=\"elementor-element elementor-element-1f1b484 elementor-widget elementor-widget-text-editor\" data-id=\"1f1b484\" data-element_type=\"widget\" data-e-type=\"widget\" data-widget_type=\"text-editor.default\">\n\t\t\t\t\t\t\t\t\t<div>\n<div>Bright Dental Laboratory est disponible pour prendre votre appel t\u00e9l\u00e9phonique ou r\u00e9pondre \u00e0 votre e-mail concernant toute question technique. Avec plus de 20 ans de connaissances techniques, de perfectionnement continu et de formation, nous sommes l\u00e0 pour vous aider.<\/div>\n<p><\/p>\n<div>Veuillez appeler le laboratoire afin de pouvoir parler directement avec l&#039;un de nos sympathiques techniciens.<\/div>\n<\/div>\t\t\t\t\t\t\t\t<\/div>\n\t\t\t\t\t<\/div>\n\t\t<\/div>\n\t\t\t\t\t<\/div>\n\t\t<\/section>\n\t\t\t\t<section class=\"elementor-section elementor-top-section elementor-element elementor-element-d8f94f2 elementor-section-full_width elementor-section-stretched elementor-section-height-default elementor-section-height-default\" data-id=\"d8f94f2\" data-element_type=\"section\" data-e-type=\"section\" data-settings=\"{&quot;stretch_section&quot;:&quot;section-stretched&quot;}\">\n\t\t\t\t\t\t<div class=\"elementor-container elementor-column-gap-default\">\n\t\t\t\t\t<div class=\"elementor-column elementor-col-100 elementor-top-column elementor-element elementor-element-30e2897\" data-id=\"30e2897\" data-element_type=\"column\" data-e-type=\"column\">\n\t\t\t<div class=\"elementor-widget-wrap elementor-element-populated\">\n\t\t\t\t\t\t<div class=\"elementor-element elementor-element-787490c elementor-widget elementor-widget-dentalo_call_to_action_2\" data-id=\"787490c\" data-element_type=\"widget\" data-e-type=\"widget\" data-widget_type=\"dentalo_call_to_action_2.default\">\n\t\t\t\t<div class=\"elementor-widget-container\">\n\t\t\t\t\t         \n    <!-- cta section -->\n    <section class=\"cta\">\n        <div class=\"container\">\n            <div class=\"bg\" style=\"background-image: url(https:\/\/www.dental-lab-china.com\/wp-content\/uploads\/2023\/02\/cta.jpg);\">\n                <div class=\"row align-items-center\">\n                    <div class=\"col-lg-8\">\n                        <div class=\"cta-block\">\n                            <h4>Appelez-nous au <span>+86-136-1309-6118<\/span> <br> ou email <samp>service@dental-lab-china.com<\/samp><\/h4>                            \n                        <\/div>\n                    <\/div>\n                                        <div class=\"col-lg-4\">\n                        <div class=\"cta-block\">\n                            <div class=\"text-lg-right\">\n                                <a href=\"https:\/\/www.dental-lab-china.com\/fr\/send-a-case\/\" class=\"btn-cta\">Envoyer un colis<i class=\"far fa-arrow-circle-right\"><\/i><\/a>\n                            <\/div>\n                        <\/div>\n                    <\/div>\n                                    <\/div>\n            <\/div>\n        <\/div>\n    <\/section>\n    \t\n\t\t\t\t\t<\/div>\n\t\t\t\t<\/div>\n\t\t\t\t\t<\/div>\n\t\t<\/div>\n\t\t\t\t\t<\/div>\n\t\t<\/section>\n\t\t\t\t<\/div>","protected":false},"excerpt":{"rendered":"<p>SEND A Case Services Bright Dental Laboratory is a global service provider. We use Toll overnight priority to ensure your work is collected and delivered without hassle and on the quickest service possible. Turnaround Time Europe &lt;\u4e00&gt; HongkongTurnaround time(7-8 days)Monday: Sent out from EuropeWednesday: Received in HKSaturdav: Returned from HKNext Monday: Received in Europe USA [&hellip;]<\/p>","protected":false},"author":2,"featured_media":0,"parent":0,"menu_order":0,"comment_status":"closed","ping_status":"closed","template":"tpl-default-elementor.php","meta":{"footnotes":""},"class_list":["post-2728","page","type-page","status-publish","hentry"],"yoast_head":"<!-- This site is optimized with the Yoast SEO plugin v27.0 - https:\/\/yoast.com\/product\/yoast-seo-wordpress\/ -->\n<title>24-hour hotline - Bright Dental Lab<\/title>\n<meta name=\"robots\" content=\"index, follow, max-snippet:-1, max-image-preview:large, max-video-preview:-1\" \/>\n<link rel=\"canonical\" href=\"https:\/\/www.dental-lab-china.com\/fr\/24-hour-hotline\/\" \/>\n<meta property=\"og:locale\" content=\"fr_FR\" \/>\n<meta property=\"og:type\" content=\"article\" \/>\n<meta property=\"og:title\" content=\"24-hour hotline - Bright Dental Lab\" \/>\n<meta property=\"og:description\" content=\"SEND A Case Services Bright Dental Laboratory is a global service provider. We use Toll overnight priority to ensure your work is collected and delivered without hassle and on the quickest service possible. Turnaround Time Europe &lt;\u4e00&gt; HongkongTurnaround time(7-8 days)Monday: Sent out from EuropeWednesday: Received in HKSaturdav: Returned from HKNext Monday: Received in Europe USA [&hellip;]\" \/>\n<meta property=\"og:url\" content=\"https:\/\/www.dental-lab-china.com\/fr\/24-hour-hotline\/\" \/>\n<meta property=\"og:site_name\" content=\"Bright Dental Lab\" \/>\n<meta property=\"article:modified_time\" content=\"2024-12-10T07:19:34+00:00\" \/>\n<meta property=\"og:image\" content=\"https:\/\/www.dental-lab-china.com\/wp-content\/uploads\/2022\/06\/shipping-man.jpg\" \/>\n<meta name=\"twitter:card\" content=\"summary_large_image\" \/>\n<meta name=\"twitter:label1\" content=\"Dur\u00e9e de lecture estim\u00e9e\" \/>\n\t<meta name=\"twitter:data1\" content=\"2 minutes\" \/>\n<script type=\"application\/ld+json\" class=\"yoast-schema-graph\">{\"@context\":\"https:\/\/schema.org\",\"@graph\":[{\"@type\":\"WebPage\",\"@id\":\"https:\/\/www.dental-lab-china.com\/24-hour-hotline\/\",\"url\":\"https:\/\/www.dental-lab-china.com\/24-hour-hotline\/\",\"name\":\"24-hour hotline - Bright Dental Lab\",\"isPartOf\":{\"@id\":\"https:\/\/www.dental-lab-china.com\/#website\"},\"primaryImageOfPage\":{\"@id\":\"https:\/\/www.dental-lab-china.com\/24-hour-hotline\/#primaryimage\"},\"image\":{\"@id\":\"https:\/\/www.dental-lab-china.com\/24-hour-hotline\/#primaryimage\"},\"thumbnailUrl\":\"https:\/\/www.dental-lab-china.com\/wp-content\/uploads\/2022\/06\/shipping-man.jpg\",\"datePublished\":\"2023-02-21T06:49:27+00:00\",\"dateModified\":\"2024-12-10T07:19:34+00:00\",\"breadcrumb\":{\"@id\":\"https:\/\/www.dental-lab-china.com\/24-hour-hotline\/#breadcrumb\"},\"inLanguage\":\"fr-FR\",\"potentialAction\":[{\"@type\":\"ReadAction\",\"target\":[\"https:\/\/www.dental-lab-china.com\/24-hour-hotline\/\"]}]},{\"@type\":\"ImageObject\",\"inLanguage\":\"fr-FR\",\"@id\":\"https:\/\/www.dental-lab-china.com\/24-hour-hotline\/#primaryimage\",\"url\":\"https:\/\/www.dental-lab-china.com\/wp-content\/uploads\/2022\/06\/shipping-man.jpg\",\"contentUrl\":\"https:\/\/www.dental-lab-china.com\/wp-content\/uploads\/2022\/06\/shipping-man.jpg\"},{\"@type\":\"BreadcrumbList\",\"@id\":\"https:\/\/www.dental-lab-china.com\/24-hour-hotline\/#breadcrumb\",\"itemListElement\":[{\"@type\":\"ListItem\",\"position\":1,\"name\":\"Home\",\"item\":\"https:\/\/www.dental-lab-china.com\/\"},{\"@type\":\"ListItem\",\"position\":2,\"name\":\"24-hour hotline\"}]},{\"@type\":\"WebSite\",\"@id\":\"https:\/\/www.dental-lab-china.com\/#website\",\"url\":\"https:\/\/www.dental-lab-china.com\/\",\"name\":\"Bright Dental Lab\",\"description\":\"Best Outsourcing Dental Lab\",\"publisher\":{\"@id\":\"https:\/\/www.dental-lab-china.com\/#organization\"},\"potentialAction\":[{\"@type\":\"SearchAction\",\"target\":{\"@type\":\"EntryPoint\",\"urlTemplate\":\"https:\/\/www.dental-lab-china.com\/?s={search_term_string}\"},\"query-input\":{\"@type\":\"PropertyValueSpecification\",\"valueRequired\":true,\"valueName\":\"search_term_string\"}}],\"inLanguage\":\"fr-FR\"},{\"@type\":\"Organization\",\"@id\":\"https:\/\/www.dental-lab-china.com\/#organization\",\"name\":\"Bright Dental Lab\",\"url\":\"https:\/\/www.dental-lab-china.com\/\",\"logo\":{\"@type\":\"ImageObject\",\"inLanguage\":\"fr-FR\",\"@id\":\"https:\/\/www.dental-lab-china.com\/#\/schema\/logo\/image\/\",\"url\":\"https:\/\/www.dental-lab-china.com\/wp-content\/uploads\/2022\/05\/dlc-logo.png\",\"contentUrl\":\"https:\/\/www.dental-lab-china.com\/wp-content\/uploads\/2022\/05\/dlc-logo.png\",\"width\":367,\"height\":95,\"caption\":\"Bright Dental Lab\"},\"image\":{\"@id\":\"https:\/\/www.dental-lab-china.com\/#\/schema\/logo\/image\/\"}}]}<\/script>\n<!-- \/ Yoast SEO plugin. -->","yoast_head_json":{"title":"24-hour hotline - Bright Dental Lab","robots":{"index":"index","follow":"follow","max-snippet":"max-snippet:-1","max-image-preview":"max-image-preview:large","max-video-preview":"max-video-preview:-1"},"canonical":"https:\/\/www.dental-lab-china.com\/fr\/24-hour-hotline\/","og_locale":"fr_FR","og_type":"article","og_title":"24-hour hotline - Bright Dental Lab","og_description":"SEND A Case Services Bright Dental Laboratory is a global service provider. We use Toll overnight priority to ensure your work is collected and delivered without hassle and on the quickest service possible. Turnaround Time Europe &lt;\u4e00&gt; HongkongTurnaround time(7-8 days)Monday: Sent out from EuropeWednesday: Received in HKSaturdav: Returned from HKNext Monday: Received in Europe USA [&hellip;]","og_url":"https:\/\/www.dental-lab-china.com\/fr\/24-hour-hotline\/","og_site_name":"Bright Dental Lab","article_modified_time":"2024-12-10T07:19:34+00:00","og_image":[{"url":"https:\/\/www.dental-lab-china.com\/wp-content\/uploads\/2022\/06\/shipping-man.jpg","type":"","width":"","height":""}],"twitter_card":"summary_large_image","twitter_misc":{"Dur\u00e9e de lecture estim\u00e9e":"2 minutes"},"schema":{"@context":"https:\/\/schema.org","@graph":[{"@type":"WebPage","@id":"https:\/\/www.dental-lab-china.com\/24-hour-hotline\/","url":"https:\/\/www.dental-lab-china.com\/24-hour-hotline\/","name":"24-hour hotline - Bright Dental Lab","isPartOf":{"@id":"https:\/\/www.dental-lab-china.com\/#website"},"primaryImageOfPage":{"@id":"https:\/\/www.dental-lab-china.com\/24-hour-hotline\/#primaryimage"},"image":{"@id":"https:\/\/www.dental-lab-china.com\/24-hour-hotline\/#primaryimage"},"thumbnailUrl":"https:\/\/www.dental-lab-china.com\/wp-content\/uploads\/2022\/06\/shipping-man.jpg","datePublished":"2023-02-21T06:49:27+00:00","dateModified":"2024-12-10T07:19:34+00:00","breadcrumb":{"@id":"https:\/\/www.dental-lab-china.com\/24-hour-hotline\/#breadcrumb"},"inLanguage":"fr-FR","potentialAction":[{"@type":"ReadAction","target":["https:\/\/www.dental-lab-china.com\/24-hour-hotline\/"]}]},{"@type":"ImageObject","inLanguage":"fr-FR","@id":"https:\/\/www.dental-lab-china.com\/24-hour-hotline\/#primaryimage","url":"https:\/\/www.dental-lab-china.com\/wp-content\/uploads\/2022\/06\/shipping-man.jpg","contentUrl":"https:\/\/www.dental-lab-china.com\/wp-content\/uploads\/2022\/06\/shipping-man.jpg"},{"@type":"BreadcrumbList","@id":"https:\/\/www.dental-lab-china.com\/24-hour-hotline\/#breadcrumb","itemListElement":[{"@type":"ListItem","position":1,"name":"Home","item":"https:\/\/www.dental-lab-china.com\/"},{"@type":"ListItem","position":2,"name":"24-hour hotline"}]},{"@type":"WebSite","@id":"https:\/\/www.dental-lab-china.com\/#website","url":"https:\/\/www.dental-lab-china.com\/","name":"Bright Dental Lab","description":"Best Outsourcing Dental Lab","publisher":{"@id":"https:\/\/www.dental-lab-china.com\/#organization"},"potentialAction":[{"@type":"SearchAction","target":{"@type":"EntryPoint","urlTemplate":"https:\/\/www.dental-lab-china.com\/?s={search_term_string}"},"query-input":{"@type":"PropertyValueSpecification","valueRequired":true,"valueName":"search_term_string"}}],"inLanguage":"fr-FR"},{"@type":"Organization","@id":"https:\/\/www.dental-lab-china.com\/#organization","name":"Bright Dental Lab","url":"https:\/\/www.dental-lab-china.com\/","logo":{"@type":"ImageObject","inLanguage":"fr-FR","@id":"https:\/\/www.dental-lab-china.com\/#\/schema\/logo\/image\/","url":"https:\/\/www.dental-lab-china.com\/wp-content\/uploads\/2022\/05\/dlc-logo.png","contentUrl":"https:\/\/www.dental-lab-china.com\/wp-content\/uploads\/2022\/05\/dlc-logo.png","width":367,"height":95,"caption":"Bright Dental Lab"},"image":{"@id":"https:\/\/www.dental-lab-china.com\/#\/schema\/logo\/image\/"}}]}},"_links":{"self":[{"href":"https:\/\/www.dental-lab-china.com\/fr\/wp-json\/wp\/v2\/pages\/2728","targetHints":{"allow":["GET"]}}],"collection":[{"href":"https:\/\/www.dental-lab-china.com\/fr\/wp-json\/wp\/v2\/pages"}],"about":[{"href":"https:\/\/www.dental-lab-china.com\/fr\/wp-json\/wp\/v2\/types\/page"}],"author":[{"embeddable":true,"href":"https:\/\/www.dental-lab-china.com\/fr\/wp-json\/wp\/v2\/users\/2"}],"replies":[{"embeddable":true,"href":"https:\/\/www.dental-lab-china.com\/fr\/wp-json\/wp\/v2\/comments?post=2728"}],"version-history":[{"count":52,"href":"https:\/\/www.dental-lab-china.com\/fr\/wp-json\/wp\/v2\/pages\/2728\/revisions"}],"predecessor-version":[{"id":4347,"href":"https:\/\/www.dental-lab-china.com\/fr\/wp-json\/wp\/v2\/pages\/2728\/revisions\/4347"}],"wp:attachment":[{"href":"https:\/\/www.dental-lab-china.com\/fr\/wp-json\/wp\/v2\/media?parent=2728"}],"curies":[{"name":"wp","href":"https:\/\/api.w.org\/{rel}","templated":true}]}}