{"id":60,"date":"2022-01-05T06:38:18","date_gmt":"2022-01-05T06:38:18","guid":{"rendered":"http:\/\/fastwpdemo.com\/newwp\/dentalo\/?page_id=60"},"modified":"2025-10-15T03:24:11","modified_gmt":"2025-10-15T03:24:11","slug":"downloads","status":"publish","type":"page","link":"https:\/\/www.dental-lab-china.com\/es\/downloads\/","title":{"rendered":"Descargas"},"content":{"rendered":"<div data-elementor-type=\"wp-page\" data-elementor-id=\"60\" class=\"elementor elementor-60\">\n\t\t\t\t\t\t<section class=\"elementor-section elementor-top-section elementor-element elementor-element-0efb342 elementor-section-boxed elementor-section-height-default elementor-section-height-default\" data-id=\"0efb342\" data-element_type=\"section\" data-e-type=\"section\" data-settings=\"{&quot;background_background&quot;:&quot;classic&quot;}\">\n\t\t\t\t\t\t<div class=\"elementor-container elementor-column-gap-default\">\n\t\t\t\t\t<div class=\"elementor-column elementor-col-100 elementor-top-column elementor-element elementor-element-e3f1642\" data-id=\"e3f1642\" data-element_type=\"column\" data-e-type=\"column\">\n\t\t\t<div class=\"elementor-widget-wrap elementor-element-populated\">\n\t\t\t\t\t\t<div class=\"elementor-element elementor-element-5e1ac70 elementor-widget elementor-widget-text-editor\" data-id=\"5e1ac70\" data-element_type=\"widget\" data-e-type=\"widget\" data-widget_type=\"text-editor.default\">\n\t\t\t\t\t\t\t\t\t<table class=\"table table-bordered downloadstable\"><tbody><tr><th>T\u00edtulo<\/th><th>Archivo<\/th><\/tr><\/tbody><tbody><tr><td>Catalog 1<\/td><td><a href=\"https:\/\/www.dental-lab-china.com\/data\/catalog.pdf\"><i class=\"icon-download2\"><\/i> Presione aqu\u00ed para descargar<\/a><\/td><\/tr><tr><td>Catalog 2<\/td><td><a href=\"https:\/\/www.dental-lab-china.com\/wp-content\/uploads\/2025\/03\/Catalogue-Bright-Denta-Lab.pdf\"><i class=\"icon-download2\"><\/i> Presione aqu\u00ed para descargar<\/a><\/td><\/tr><tr><td>Tabla completa de restauraci\u00f3n cer\u00e1mica y gu\u00eda de preparaci\u00f3n<\/td><td><a href=\"https:\/\/www.dental-lab-china.com\/images\/download\/all-ceramic-chairside-prep-guide.pdf\"><i class=\"icon-download2\"><\/i> Presione aqu\u00ed para descargar<\/a><\/td><\/tr><tr><td>corona noble<\/td><td><a href=\"https:\/\/www.dental-lab-china.com\/images\/download\/noblecrown.pdf\"><i class=\"icon-download2\"><\/i> Presione aqu\u00ed para descargar<\/a><\/td><\/tr><tr><td>Laboratorio Rx-Denture<\/td><td><a href=\"https:\/\/www.dental-lab-china.com\/wp-content\/uploads\/2025\/03\/Lab-Rx-Denture-Bright.pdf\"><i class=\"icon-download2\"><\/i> Presione aqu\u00ed para descargar<\/a><\/td><\/tr><tr><td>Laboratorio Rx-PFM<\/td><td><a href=\"https:\/\/www.dental-lab-china.com\/wp-content\/uploads\/2025\/03\/Lab-Rx-PFM-Bright.pdf\"><i class=\"icon-download2\"><\/i> Presione aqu\u00ed para descargar<\/a><\/td><\/tr><tr><td>Lab RX &#8211; PFM &amp; Denture<\/td><td><a href=\"https:\/\/www.dental-lab-china.com\/wp-content\/uploads\/2025\/10\/Lab%20Rx-PFM-Bright.pdf\"><i class=\"icon-download2\"><\/i> Presione aqu\u00ed para descargar<\/a><\/td><\/tr><\/tbody><\/table><div class=\"divider divider-center\">\u00a0<\/div><div class=\"table-responsive\"><table class=\"table table-bordered downloadstable\"><tbody><tr><th>Recursos \u00fatiles<\/th><th>Enlace<\/th><th>Recursos \u00fatiles<\/th><th>Enlace<\/th><\/tr><\/tbody><tbody><tr><td>Nobel Biocare<\/td><td><a href=\"http:\/\/www.nobelbiocare.com\/en\/products-solutions\/default.aspx\" target=\"_blank\" rel=\"noopener\">Haga clic aqu\u00ed<\/a><\/td><td>Zimmer<\/td><td><a href=\"http:\/\/www.zimmerdental.com\/Home\/zimmerDental.aspx\" target=\"_blank\" rel=\"noopener\">Haga clic aqu\u00ed<\/a><\/td><\/tr><tr><td>BIOMET 3i<\/td><td><a href=\"http:\/\/biomet3i.com\/\" target=\"_blank\" rel=\"noopener\">Haga clic aqu\u00ed<\/a><\/td><td>dentista<\/td><td><a href=\"http:\/\/www.dentsply.com\/\" target=\"_blank\" rel=\"noopener\">Haga clic aqu\u00ed<\/a><\/td><\/tr><tr><td>Implantes MIS<\/td><td><a href=\"http:\/\/www.mis-implants.com\/Products\/Implants.aspx\" target=\"_blank\" rel=\"noopener\">Haga clic aqu\u00ed<\/a><\/td><td>Implante directo<\/td><td><a href=\"http:\/\/www.implantdirect.com\/us\/default.asp\" target=\"_blank\" rel=\"noopener\">Haga clic aqu\u00ed<\/a><\/td><\/tr><tr><td>Atl\u00e1ntida<\/td><td><a href=\"http:\/\/www.astratechdental.us\/Main.aspx\/Item\/775955\/navt\/72677\/navl\/90870\/nava\/90873\" target=\"_blank\" rel=\"noopener\">Haga clic aqu\u00ed<\/a><\/td><td>Camlog<\/td><td><a href=\"http:\/\/www.camlogimplants.com\/\" target=\"_blank\" rel=\"noopener\">Haga clic aqu\u00ed<\/a><\/td><\/tr><tr><td>Astratec<\/td><td><a href=\"http:\/\/www.astratechdental.us\/\" target=\"_blank\" rel=\"noopener\">Haga clic aqu\u00ed<\/a><\/td><td>OCO Biomedicina<\/td><td><a href=\"http:\/\/www.ocobiomedical.com\/\" target=\"_blank\" rel=\"noopener\">Haga clic aqu\u00ed<\/a><\/td><\/tr><tr><td>Straumann<\/td><td><a href=\"http:\/\/www.straumann.us\/\" target=\"_blank\" rel=\"noopener\">Haga clic aqu\u00ed<\/a><\/td><td>imtec<\/td><td><a href=\"http:\/\/www.imtec.com\/\" target=\"_blank\" rel=\"noopener\">Haga clic aqu\u00ed<\/a><\/td><\/tr><tr><td>BioHorizontes<\/td><td><a href=\"http:\/\/www.biohorizons.com\/\" target=\"_blank\" rel=\"noopener\">Haga clic aqu\u00ed<\/a><\/td><td>bic\u00f3n<\/td><td><a href=\"http:\/\/www.bicon.com\/\" target=\"_blank\" rel=\"noopener\">Haga clic aqu\u00ed<\/a><\/td><\/tr><tr><td>Corporaci\u00f3n Innova<\/td><td><a href=\"http:\/\/www.innovalife.com\/index\/innovalife\" target=\"_blank\" rel=\"noopener\">Haga clic aqu\u00ed<\/a><\/td><td>\u00a0<\/td><td>\u00a0<\/td><\/tr><\/tbody><\/table><\/div>\t\t\t\t\t\t\t\t<\/div>\n\t\t\t\t\t<\/div>\n\t\t<\/div>\n\t\t\t\t\t<\/div>\n\t\t<\/section>\n\t\t\t\t<section class=\"elementor-section elementor-top-section elementor-element elementor-element-9ccda0f elementor-section-full_width elementor-section-height-default elementor-section-height-default\" data-id=\"9ccda0f\" data-element_type=\"section\" data-e-type=\"section\">\n\t\t\t\t\t\t<div class=\"elementor-container elementor-column-gap-default\">\n\t\t\t\t\t<div class=\"elementor-column elementor-col-100 elementor-top-column elementor-element elementor-element-fd7c25a\" data-id=\"fd7c25a\" data-element_type=\"column\" data-e-type=\"column\">\n\t\t\t<div class=\"elementor-widget-wrap elementor-element-populated\">\n\t\t\t\t\t\t<div class=\"elementor-element elementor-element-d0b62f6 elementor-widget elementor-widget-dentalo_call_to_action_2\" data-id=\"d0b62f6\" data-element_type=\"widget\" data-e-type=\"widget\" data-widget_type=\"dentalo_call_to_action_2.default\">\n\t\t\t\t<div class=\"elementor-widget-container\">\n\t\t\t\t\t         \n    <!-- cta section -->\n    <section class=\"cta\">\n        <div class=\"container\">\n            <div class=\"bg\" style=\"background-image: url(https:\/\/www.dental-lab-china.com\/wp-content\/uploads\/2022\/02\/cta.jpg);\">\n                <div class=\"row align-items-center\">\n                    <div class=\"col-lg-8\">\n                        <div class=\"cta-block\">\n                            <h4>Llamenos al <span>+86-136-1309-6118<\/span> <br> o correo electr\u00f3nico <samp>servicio@dental-lab-china.com<\/samp><\/h4>                            \n                        <\/div>\n                    <\/div>\n                                        <div class=\"col-lg-4\">\n                        <div class=\"cta-block\">\n                            <div class=\"text-lg-right\">\n                                <a href=\"https:\/\/www.dental-lab-china.com\/es\/send-a-case\/\" class=\"btn-cta\">Enviar un caso<i class=\"far fa-arrow-circle-right\"><\/i><\/a>\n                            <\/div>\n                        <\/div>\n                    <\/div>\n                                    <\/div>\n            <\/div>\n        <\/div>\n    <\/section>\n    \t\n\t\t\t\t\t<\/div>\n\t\t\t\t<\/div>\n\t\t\t\t\t<\/div>\n\t\t<\/div>\n\t\t\t\t\t<\/div>\n\t\t<\/section>\n\t\t\t\t<\/div>","protected":false},"excerpt":{"rendered":"<p>Title File Catalog 1 Press here to download Catalog 2 Press here to download Full Ceramic Restoration Chart and Preparation Guide Press here to download Noble Crown Press here to download Lab Rx-Denture Press here to download Lab Rx-PFM Press here to download Lab RX &#8211; PFM &amp; Denture Press here to download \u00a0 Useful [&hellip;]<\/p>","protected":false},"author":1,"featured_media":0,"parent":0,"menu_order":0,"comment_status":"closed","ping_status":"closed","template":"tpl-default-elementor.php","meta":{"footnotes":""},"class_list":["post-60","page","type-page","status-publish","hentry"],"yoast_head":"<!-- This site is optimized with the Yoast SEO plugin v27.0 - https:\/\/yoast.com\/product\/yoast-seo-wordpress\/ -->\n<title>Downloads - Bright Dental Lab<\/title>\n<meta name=\"robots\" content=\"index, follow, max-snippet:-1, max-image-preview:large, max-video-preview:-1\" \/>\n<link rel=\"canonical\" href=\"https:\/\/www.dental-lab-china.com\/es\/downloads\/\" \/>\n<meta property=\"og:locale\" content=\"es_ES\" \/>\n<meta property=\"og:type\" content=\"article\" \/>\n<meta property=\"og:title\" content=\"Downloads - Bright Dental Lab\" \/>\n<meta property=\"og:description\" content=\"Title File Catalog 1 Press here to download Catalog 2 Press here to download Full Ceramic Restoration Chart and Preparation Guide Press here to download Noble Crown Press here to download Lab Rx-Denture Press here to download Lab Rx-PFM Press here to download Lab RX &#8211; PFM &amp; Denture Press here to download \u00a0 Useful [&hellip;]\" \/>\n<meta property=\"og:url\" content=\"https:\/\/www.dental-lab-china.com\/es\/downloads\/\" \/>\n<meta property=\"og:site_name\" content=\"Bright Dental Lab\" \/>\n<meta property=\"article:modified_time\" content=\"2025-10-15T03:24:11+00:00\" \/>\n<meta name=\"twitter:card\" content=\"summary_large_image\" \/>\n<meta name=\"twitter:label1\" content=\"Tiempo de lectura\" \/>\n\t<meta name=\"twitter:data1\" content=\"1 minuto\" \/>\n<script type=\"application\/ld+json\" class=\"yoast-schema-graph\">{\"@context\":\"https:\/\/schema.org\",\"@graph\":[{\"@type\":\"WebPage\",\"@id\":\"https:\/\/www.dental-lab-china.com\/downloads\/\",\"url\":\"https:\/\/www.dental-lab-china.com\/downloads\/\",\"name\":\"Downloads - Bright Dental Lab\",\"isPartOf\":{\"@id\":\"https:\/\/www.dental-lab-china.com\/#website\"},\"datePublished\":\"2022-01-05T06:38:18+00:00\",\"dateModified\":\"2025-10-15T03:24:11+00:00\",\"breadcrumb\":{\"@id\":\"https:\/\/www.dental-lab-china.com\/downloads\/#breadcrumb\"},\"inLanguage\":\"es\",\"potentialAction\":[{\"@type\":\"ReadAction\",\"target\":[\"https:\/\/www.dental-lab-china.com\/downloads\/\"]}]},{\"@type\":\"BreadcrumbList\",\"@id\":\"https:\/\/www.dental-lab-china.com\/downloads\/#breadcrumb\",\"itemListElement\":[{\"@type\":\"ListItem\",\"position\":1,\"name\":\"Home\",\"item\":\"https:\/\/www.dental-lab-china.com\/\"},{\"@type\":\"ListItem\",\"position\":2,\"name\":\"Downloads\"}]},{\"@type\":\"WebSite\",\"@id\":\"https:\/\/www.dental-lab-china.com\/#website\",\"url\":\"https:\/\/www.dental-lab-china.com\/\",\"name\":\"Bright Dental Lab\",\"description\":\"Best Outsourcing Dental Lab\",\"publisher\":{\"@id\":\"https:\/\/www.dental-lab-china.com\/#organization\"},\"potentialAction\":[{\"@type\":\"SearchAction\",\"target\":{\"@type\":\"EntryPoint\",\"urlTemplate\":\"https:\/\/www.dental-lab-china.com\/?s={search_term_string}\"},\"query-input\":{\"@type\":\"PropertyValueSpecification\",\"valueRequired\":true,\"valueName\":\"search_term_string\"}}],\"inLanguage\":\"es\"},{\"@type\":\"Organization\",\"@id\":\"https:\/\/www.dental-lab-china.com\/#organization\",\"name\":\"Bright Dental Lab\",\"url\":\"https:\/\/www.dental-lab-china.com\/\",\"logo\":{\"@type\":\"ImageObject\",\"inLanguage\":\"es\",\"@id\":\"https:\/\/www.dental-lab-china.com\/#\/schema\/logo\/image\/\",\"url\":\"https:\/\/www.dental-lab-china.com\/wp-content\/uploads\/2022\/05\/dlc-logo.png\",\"contentUrl\":\"https:\/\/www.dental-lab-china.com\/wp-content\/uploads\/2022\/05\/dlc-logo.png\",\"width\":367,\"height\":95,\"caption\":\"Bright Dental Lab\"},\"image\":{\"@id\":\"https:\/\/www.dental-lab-china.com\/#\/schema\/logo\/image\/\"}}]}<\/script>\n<!-- \/ Yoast SEO plugin. -->","yoast_head_json":{"title":"Downloads - Bright Dental Lab","robots":{"index":"index","follow":"follow","max-snippet":"max-snippet:-1","max-image-preview":"max-image-preview:large","max-video-preview":"max-video-preview:-1"},"canonical":"https:\/\/www.dental-lab-china.com\/es\/downloads\/","og_locale":"es_ES","og_type":"article","og_title":"Downloads - Bright Dental Lab","og_description":"Title File Catalog 1 Press here to download Catalog 2 Press here to download Full Ceramic Restoration Chart and Preparation Guide Press here to download Noble Crown Press here to download Lab Rx-Denture Press here to download Lab Rx-PFM Press here to download Lab RX &#8211; PFM &amp; Denture Press here to download \u00a0 Useful [&hellip;]","og_url":"https:\/\/www.dental-lab-china.com\/es\/downloads\/","og_site_name":"Bright Dental Lab","article_modified_time":"2025-10-15T03:24:11+00:00","twitter_card":"summary_large_image","twitter_misc":{"Tiempo de lectura":"1 minuto"},"schema":{"@context":"https:\/\/schema.org","@graph":[{"@type":"WebPage","@id":"https:\/\/www.dental-lab-china.com\/downloads\/","url":"https:\/\/www.dental-lab-china.com\/downloads\/","name":"Downloads - Bright Dental Lab","isPartOf":{"@id":"https:\/\/www.dental-lab-china.com\/#website"},"datePublished":"2022-01-05T06:38:18+00:00","dateModified":"2025-10-15T03:24:11+00:00","breadcrumb":{"@id":"https:\/\/www.dental-lab-china.com\/downloads\/#breadcrumb"},"inLanguage":"es","potentialAction":[{"@type":"ReadAction","target":["https:\/\/www.dental-lab-china.com\/downloads\/"]}]},{"@type":"BreadcrumbList","@id":"https:\/\/www.dental-lab-china.com\/downloads\/#breadcrumb","itemListElement":[{"@type":"ListItem","position":1,"name":"Home","item":"https:\/\/www.dental-lab-china.com\/"},{"@type":"ListItem","position":2,"name":"Downloads"}]},{"@type":"WebSite","@id":"https:\/\/www.dental-lab-china.com\/#website","url":"https:\/\/www.dental-lab-china.com\/","name":"Bright Dental Lab","description":"Best Outsourcing Dental Lab","publisher":{"@id":"https:\/\/www.dental-lab-china.com\/#organization"},"potentialAction":[{"@type":"SearchAction","target":{"@type":"EntryPoint","urlTemplate":"https:\/\/www.dental-lab-china.com\/?s={search_term_string}"},"query-input":{"@type":"PropertyValueSpecification","valueRequired":true,"valueName":"search_term_string"}}],"inLanguage":"es"},{"@type":"Organization","@id":"https:\/\/www.dental-lab-china.com\/#organization","name":"Bright Dental Lab","url":"https:\/\/www.dental-lab-china.com\/","logo":{"@type":"ImageObject","inLanguage":"es","@id":"https:\/\/www.dental-lab-china.com\/#\/schema\/logo\/image\/","url":"https:\/\/www.dental-lab-china.com\/wp-content\/uploads\/2022\/05\/dlc-logo.png","contentUrl":"https:\/\/www.dental-lab-china.com\/wp-content\/uploads\/2022\/05\/dlc-logo.png","width":367,"height":95,"caption":"Bright Dental Lab"},"image":{"@id":"https:\/\/www.dental-lab-china.com\/#\/schema\/logo\/image\/"}}]}},"_links":{"self":[{"href":"https:\/\/www.dental-lab-china.com\/es\/wp-json\/wp\/v2\/pages\/60","targetHints":{"allow":["GET"]}}],"collection":[{"href":"https:\/\/www.dental-lab-china.com\/es\/wp-json\/wp\/v2\/pages"}],"about":[{"href":"https:\/\/www.dental-lab-china.com\/es\/wp-json\/wp\/v2\/types\/page"}],"author":[{"embeddable":true,"href":"https:\/\/www.dental-lab-china.com\/es\/wp-json\/wp\/v2\/users\/1"}],"replies":[{"embeddable":true,"href":"https:\/\/www.dental-lab-china.com\/es\/wp-json\/wp\/v2\/comments?post=60"}],"version-history":[{"count":46,"href":"https:\/\/www.dental-lab-china.com\/es\/wp-json\/wp\/v2\/pages\/60\/revisions"}],"predecessor-version":[{"id":4807,"href":"https:\/\/www.dental-lab-china.com\/es\/wp-json\/wp\/v2\/pages\/60\/revisions\/4807"}],"wp:attachment":[{"href":"https:\/\/www.dental-lab-china.com\/es\/wp-json\/wp\/v2\/media?parent=60"}],"curies":[{"name":"wp","href":"https:\/\/api.w.org\/{rel}","templated":true}]}}