{"id":24,"date":"2022-01-05T06:34:09","date_gmt":"2022-01-05T06:34:09","guid":{"rendered":"http:\/\/fastwpdemo.com\/newwp\/dentalo\/?page_id=24"},"modified":"2022-05-21T04:32:32","modified_gmt":"2022-05-21T04:32:32","slug":"testimonials","status":"publish","type":"page","link":"https:\/\/www.dental-lab-china.com\/de\/testimonials\/","title":{"rendered":"Testimonials"},"content":{"rendered":"<div data-elementor-type=\"wp-page\" data-elementor-id=\"24\" class=\"elementor elementor-24\">\n\t\t\t\t\t\t<section class=\"elementor-section elementor-top-section elementor-element elementor-element-60b0db9 elementor-section-full_width elementor-section-height-default elementor-section-height-default\" data-id=\"60b0db9\" data-element_type=\"section\" data-e-type=\"section\">\n\t\t\t\t\t\t<div class=\"elementor-container elementor-column-gap-default\">\n\t\t\t\t\t<div class=\"elementor-column elementor-col-100 elementor-top-column elementor-element elementor-element-fdc05ad\" data-id=\"fdc05ad\" data-element_type=\"column\" data-e-type=\"column\">\n\t\t\t<div class=\"elementor-widget-wrap elementor-element-populated\">\n\t\t\t\t\t\t<div class=\"elementor-element elementor-element-84cf343 elementor-widget elementor-widget-dentalo_our_testimonials_3\" data-id=\"84cf343\" data-element_type=\"widget\" data-e-type=\"widget\" data-widget_type=\"dentalo_our_testimonials_3.default\">\n\t\t\t\t<div class=\"elementor-widget-container\">\n\t\t\t\t\t  \n\t<section class=\"testimonials-one testimonials-one__page\">\n\t\t<div class=\"container\">\t\t\n\t\t\t\t\t\n\t\t\t<div class=\"block-title text-left\">\t\t\t\n\t\t\t\t<h2 class=\"block-title__sub_title\">Testimonials<\/h2><!-- \/.block-title__title -->\t\t\t\t\n\t\t\t\t<h2 class=\"block-title__title\">What Our Client Says<\/h2><!-- \/.block-title__title -->\t\t\t\t\n\t\t\t\t<p class=\"block-title__text\">Welcome to Dentalo Dental! Our team is dedicated to making every patient feel welcome, comfortable, and valued \u2013 because in our office you are! One of our favorite things to do is help those patients who suffer from dental fear or anxiety. <\/p><!-- \/.block-title__text -->\t\t\t\t\n\t\t\t<\/div><!-- \/.block-title -->\n\t\t\t\t\t\t\n\t\t\t<div class=\"row\">\t\t\t\n\t\t\t\t\t\t\t\n\t\t\t\t<div class=\"col-lg-4 col-md-6 col-sm-12\">\n\t\t\t\t\t<div class=\"block-client\">\t\t\t\t\t\n\t\t\t\t\t\t<div class=\"testimonials\">\t\t\t\t\t\t\n\t\t\t\t\t\t\t<p class=\"testimonials-text\">\u201eDie Passform ist sehr perfekt. Ich habe mich \u00fcberhaupt nicht angepasst. Sehr zuverl\u00e4ssiger Partner!\u201c<\/p>\n                            \n                            <div class=\"testimonials-one-designation\">\t\t\t\t\t\t\t\n\t\t\t\t\t\t\t\t<img decoding=\"async\" width=\"63\" height=\"63\" src=\"https:\/\/www.dental-lab-china.com\/wp-content\/uploads\/2022\/01\/DrLawrence.jpg\" class=\"attachment-dentalo_64x63 size-dentalo_64x63 wp-post-image\" alt=\"\" \/>\t\t\t\t\t\t\t\t\n\t\t\t\t\t\t\t\t<div class=\"author\">\t\t\t\t\t\t\t\t\n\t\t\t\t\t\t\t\t\t<h3 class=\"testimonials-title\">Dr. Lawrence<\/h3>\t\t\t\t\t\t\t\t\t\n\t\t\t\t\t\t\t\t\t<span class=\"testimonials-designation\">Dr. Lawrence<\/span>\t\t\t\t\t\t\t\t\t\n\t\t\t\t\t\t\t\t<\/div>\n\t\t\t\t\t\t\t<\/div>\t\t\t\t\t\t\t\n\t\t\t\t\t\t\t<img decoding=\"async\" src=\"https:\/\/www.dental-lab-china.com\/wp-content\/themes\/dentalo\/assets\/images\/resources\/testi-qoute-3.png\" class=\"testimonials-one__qoute\" alt=\"Awesome Image\" \/>\t\t\t\t\t\t\t\n\t\t\t\t\t\t<\/div>\n\t\t\t\t\t<\/div>\n\t\t\t\t<\/div>\n\t\t\t\t\t\t\t\n\t\t\t\t<div class=\"col-lg-4 col-md-6 col-sm-12\">\n\t\t\t\t\t<div class=\"block-client\">\t\t\t\t\t\n\t\t\t\t\t\t<div class=\"testimonials\">\t\t\t\t\t\t\n\t\t\t\t\t\t\t<p class=\"testimonials-text\">\u201eSehr erfahrene und durchdachte Techniker. Bereitstellung stets professioneller Vorschl\u00e4ge.\u201c<\/p>\n                            \n                            <div class=\"testimonials-one-designation\">\t\t\t\t\t\t\t\n\t\t\t\t\t\t\t\t<img decoding=\"async\" width=\"63\" height=\"63\" src=\"https:\/\/www.dental-lab-china.com\/wp-content\/uploads\/2022\/01\/DrRodrigue.jpg\" class=\"attachment-dentalo_64x63 size-dentalo_64x63 wp-post-image\" alt=\"\" \/>\t\t\t\t\t\t\t\t\n\t\t\t\t\t\t\t\t<div class=\"author\">\t\t\t\t\t\t\t\t\n\t\t\t\t\t\t\t\t\t<h3 class=\"testimonials-title\">Rodrigue<\/h3>\t\t\t\t\t\t\t\t\t\n\t\t\t\t\t\t\t\t\t<span class=\"testimonials-designation\">Rodrigue<\/span>\t\t\t\t\t\t\t\t\t\n\t\t\t\t\t\t\t\t<\/div>\n\t\t\t\t\t\t\t<\/div>\t\t\t\t\t\t\t\n\t\t\t\t\t\t\t<img decoding=\"async\" src=\"https:\/\/www.dental-lab-china.com\/wp-content\/themes\/dentalo\/assets\/images\/resources\/testi-qoute-3.png\" class=\"testimonials-one__qoute\" alt=\"Awesome Image\" \/>\t\t\t\t\t\t\t\n\t\t\t\t\t\t<\/div>\n\t\t\t\t\t<\/div>\n\t\t\t\t<\/div>\n\t\t\t\t\t\t\t\n\t\t\t\t<div class=\"col-lg-4 col-md-6 col-sm-12\">\n\t\t\t\t\t<div class=\"block-client\">\t\t\t\t\t\n\t\t\t\t\t\t<div class=\"testimonials\">\t\t\t\t\t\t\n\t\t\t\t\t\t\t<p class=\"testimonials-text\">\u201eSehr zufrieden mit der Farbe und der Anatomie. Sehr amerikanischer Stil.\u201c<\/p>\n                            \n                            <div class=\"testimonials-one-designation\">\t\t\t\t\t\t\t\n\t\t\t\t\t\t\t\t<img decoding=\"async\" width=\"63\" height=\"63\" src=\"https:\/\/www.dental-lab-china.com\/wp-content\/uploads\/2022\/01\/DrYan.jpg\" class=\"attachment-dentalo_64x63 size-dentalo_64x63 wp-post-image\" alt=\"\" \/>\t\t\t\t\t\t\t\t\n\t\t\t\t\t\t\t\t<div class=\"author\">\t\t\t\t\t\t\t\t\n\t\t\t\t\t\t\t\t\t<h3 class=\"testimonials-title\">Dr. Yan<\/h3>\t\t\t\t\t\t\t\t\t\n\t\t\t\t\t\t\t\t\t<span class=\"testimonials-designation\">Dr. Yan<\/span>\t\t\t\t\t\t\t\t\t\n\t\t\t\t\t\t\t\t<\/div>\n\t\t\t\t\t\t\t<\/div>\t\t\t\t\t\t\t\n\t\t\t\t\t\t\t<img decoding=\"async\" src=\"https:\/\/www.dental-lab-china.com\/wp-content\/themes\/dentalo\/assets\/images\/resources\/testi-qoute-3.png\" class=\"testimonials-one__qoute\" alt=\"Awesome Image\" \/>\t\t\t\t\t\t\t\n\t\t\t\t\t\t<\/div>\n\t\t\t\t\t<\/div>\n\t\t\t\t<\/div>\n\t\t\t\t\t\t\t\n\t\t\t\t<div class=\"col-lg-4 col-md-6 col-sm-12\">\n\t\t\t\t\t<div class=\"block-client\">\t\t\t\t\t\n\t\t\t\t\t\t<div class=\"testimonials\">\t\t\t\t\t\t\n\t\t\t\t\t\t\t<p class=\"testimonials-text\">\u201eAuch ein Bild von einem DER neuesten Werke, die Sie mir geschickt haben. Gute Arbeit.&quot;<\/p>\n                            \n                            <div class=\"testimonials-one-designation\">\t\t\t\t\t\t\t\n\t\t\t\t\t\t\t\t<img loading=\"lazy\" decoding=\"async\" width=\"63\" height=\"63\" src=\"https:\/\/www.dental-lab-china.com\/wp-content\/uploads\/2022\/01\/DrLee.jpg\" class=\"attachment-dentalo_64x63 size-dentalo_64x63 wp-post-image\" alt=\"\" \/>\t\t\t\t\t\t\t\t\n\t\t\t\t\t\t\t\t<div class=\"author\">\t\t\t\t\t\t\t\t\n\t\t\t\t\t\t\t\t\t<h3 class=\"testimonials-title\">Dr. Lee<\/h3>\t\t\t\t\t\t\t\t\t\n\t\t\t\t\t\t\t\t\t<span class=\"testimonials-designation\">Dr. Lee<\/span>\t\t\t\t\t\t\t\t\t\n\t\t\t\t\t\t\t\t<\/div>\n\t\t\t\t\t\t\t<\/div>\t\t\t\t\t\t\t\n\t\t\t\t\t\t\t<img decoding=\"async\" src=\"https:\/\/www.dental-lab-china.com\/wp-content\/themes\/dentalo\/assets\/images\/resources\/testi-qoute-3.png\" class=\"testimonials-one__qoute\" alt=\"Awesome Image\" \/>\t\t\t\t\t\t\t\n\t\t\t\t\t\t<\/div>\n\t\t\t\t\t<\/div>\n\t\t\t\t<\/div>\n\t\t\t\t\t\t\t\n\t\t\t\t<div class=\"col-lg-4 col-md-6 col-sm-12\">\n\t\t\t\t\t<div class=\"block-client\">\t\t\t\t\t\n\t\t\t\t\t\t<div class=\"testimonials\">\t\t\t\t\t\t\n\t\t\t\t\t\t\t<p class=\"testimonials-text\">\u201eSie haben vor einem Monat eine Krone und einen Inlaykern angefertigt. Diese Arbeit hat mir sehr gut gefallen, die Adaption und die \u00c4sthetik waren sehr gut.\u201c<\/p>\n                            \n                            <div class=\"testimonials-one-designation\">\t\t\t\t\t\t\t\n\t\t\t\t\t\t\t\t<img loading=\"lazy\" decoding=\"async\" width=\"63\" height=\"63\" src=\"https:\/\/www.dental-lab-china.com\/wp-content\/uploads\/2022\/01\/DrYvesBoisvert.jpg\" class=\"attachment-dentalo_64x63 size-dentalo_64x63 wp-post-image\" alt=\"\" \/>\t\t\t\t\t\t\t\t\n\t\t\t\t\t\t\t\t<div class=\"author\">\t\t\t\t\t\t\t\t\n\t\t\t\t\t\t\t\t\t<h3 class=\"testimonials-title\">Dr. Yves Boisvert<\/h3>\t\t\t\t\t\t\t\t\t\n\t\t\t\t\t\t\t\t\t<span class=\"testimonials-designation\">Dr. Yves Boisvert<\/span>\t\t\t\t\t\t\t\t\t\n\t\t\t\t\t\t\t\t<\/div>\n\t\t\t\t\t\t\t<\/div>\t\t\t\t\t\t\t\n\t\t\t\t\t\t\t<img decoding=\"async\" src=\"https:\/\/www.dental-lab-china.com\/wp-content\/themes\/dentalo\/assets\/images\/resources\/testi-qoute-3.png\" class=\"testimonials-one__qoute\" alt=\"Awesome Image\" \/>\t\t\t\t\t\t\t\n\t\t\t\t\t\t<\/div>\n\t\t\t\t\t<\/div>\n\t\t\t\t<\/div>\n\t\t\t\t\t\t\t\n\t\t\t\t<div class=\"col-lg-4 col-md-6 col-sm-12\">\n\t\t\t\t\t<div class=\"block-client\">\t\t\t\t\t\n\t\t\t\t\t\t<div class=\"testimonials\">\t\t\t\t\t\t\n\t\t\t\t\t\t\t<p class=\"testimonials-text\">\u201eWow, ich habe Ihre Arbeit in den Mund genommen und die Patientin war vor ihrem Urlaub in Florida, USA, \u00e4u\u00dferst gl\u00fccklich. vielen Dank.&quot;<\/p>\n                            \n                            <div class=\"testimonials-one-designation\">\t\t\t\t\t\t\t\n\t\t\t\t\t\t\t\t<img loading=\"lazy\" decoding=\"async\" width=\"63\" height=\"63\" src=\"https:\/\/www.dental-lab-china.com\/wp-content\/uploads\/2022\/01\/Sandra.jpg\" class=\"attachment-dentalo_64x63 size-dentalo_64x63 wp-post-image\" alt=\"\" \/>\t\t\t\t\t\t\t\t\n\t\t\t\t\t\t\t\t<div class=\"author\">\t\t\t\t\t\t\t\t\n\t\t\t\t\t\t\t\t\t<h3 class=\"testimonials-title\">Sandra<\/h3>\t\t\t\t\t\t\t\t\t\n\t\t\t\t\t\t\t\t\t<span class=\"testimonials-designation\">Sandra<\/span>\t\t\t\t\t\t\t\t\t\n\t\t\t\t\t\t\t\t<\/div>\n\t\t\t\t\t\t\t<\/div>\t\t\t\t\t\t\t\n\t\t\t\t\t\t\t<img decoding=\"async\" src=\"https:\/\/www.dental-lab-china.com\/wp-content\/themes\/dentalo\/assets\/images\/resources\/testi-qoute-3.png\" class=\"testimonials-one__qoute\" alt=\"Awesome Image\" \/>\t\t\t\t\t\t\t\n\t\t\t\t\t\t<\/div>\n\t\t\t\t\t<\/div>\n\t\t\t\t<\/div>\n\t\t\t\t\t\t  \t<\/div><!-- \/.testimonials-one__carousel -->\n\t\t<\/div><!-- \/.container -->\n\t<\/section><!-- \/.testimonials-one -->\n\t\n\t\t\t\t\t<\/div>\n\t\t\t\t<\/div>\n\t\t\t\t\t<\/div>\n\t\t<\/div>\n\t\t\t\t\t<\/div>\n\t\t<\/section>\n\t\t\t\t<section class=\"elementor-section elementor-top-section elementor-element elementor-element-85a4c10 elementor-section-full_width elementor-section-height-default elementor-section-height-default\" data-id=\"85a4c10\" data-element_type=\"section\" data-e-type=\"section\">\n\t\t\t\t\t\t<div class=\"elementor-container elementor-column-gap-default\">\n\t\t\t\t\t<div class=\"elementor-column elementor-col-100 elementor-top-column elementor-element elementor-element-3c9a883\" data-id=\"3c9a883\" data-element_type=\"column\" data-e-type=\"column\">\n\t\t\t<div class=\"elementor-widget-wrap elementor-element-populated\">\n\t\t\t\t\t\t<div class=\"elementor-element elementor-element-2c1cf52 elementor-widget elementor-widget-dentalo_call_to_action_2\" data-id=\"2c1cf52\" data-element_type=\"widget\" data-e-type=\"widget\" data-widget_type=\"dentalo_call_to_action_2.default\">\n\t\t\t\t<div class=\"elementor-widget-container\">\n\t\t\t\t\t         \n    <!-- cta section -->\n    <section class=\"cta\">\n        <div class=\"container\">\n            <div class=\"bg\" style=\"background-image: url(https:\/\/www.dental-lab-china.com\/wp-content\/uploads\/2022\/02\/cta.jpg);\">\n                <div class=\"row align-items-center\">\n                    <div class=\"col-lg-8\">\n                        <div class=\"cta-block\">\n                            <h4>Haben Sie ein zahn\u00e4rztliches Problem: Rufen Sie uns an <span>1800 456 7890<\/span> <br> oder machen Sie eine <samp>Ernennung<\/samp><\/h4>                            \n                        <\/div>\n                    <\/div>\n                                        <div class=\"col-lg-4\">\n                        <div class=\"cta-block\">\n                            <div class=\"text-lg-right\">\n                                <a href=\"https:\/\/www.dental-lab-china.com\/de\/contact-us\/\" class=\"btn-cta\">Buchen Sie einen Termin<i class=\"far fa-arrow-circle-right\"><\/i><\/a>\n                            <\/div>\n                        <\/div>\n                    <\/div>\n                                    <\/div>\n            <\/div>\n        <\/div>\n    <\/section>\n    \t\n\t\t\t\t\t<\/div>\n\t\t\t\t<\/div>\n\t\t\t\t\t<\/div>\n\t\t<\/div>\n\t\t\t\t\t<\/div>\n\t\t<\/section>\n\t\t\t\t<\/div>","protected":false},"excerpt":{"rendered":"<p>Testimonials What Our Client Says Welcome to Dentalo Dental! Our team is dedicated to making every patient feel welcome, comfortable, and valued \u2013 because in our office you are! One of our favorite things to do is help those patients who suffer from dental fear or anxiety. \u201cNulla pular aliquet orci, sed dignissim diam. Sed [&hellip;]<\/p>","protected":false},"author":1,"featured_media":0,"parent":0,"menu_order":0,"comment_status":"closed","ping_status":"closed","template":"tpl-default-elementor.php","meta":{"footnotes":""},"class_list":["post-24","page","type-page","status-publish","hentry"],"yoast_head":"<!-- This site is optimized with the Yoast SEO plugin v27.0 - https:\/\/yoast.com\/product\/yoast-seo-wordpress\/ -->\n<title>Testimonials - Bright Dental Lab<\/title>\n<meta name=\"robots\" content=\"index, follow, max-snippet:-1, max-image-preview:large, max-video-preview:-1\" \/>\n<link rel=\"canonical\" href=\"https:\/\/www.dental-lab-china.com\/de\/testimonials\/\" \/>\n<meta property=\"og:locale\" content=\"de_DE\" \/>\n<meta property=\"og:type\" content=\"article\" \/>\n<meta property=\"og:title\" content=\"Testimonials - Bright Dental Lab\" \/>\n<meta property=\"og:description\" content=\"Testimonials What Our Client Says Welcome to Dentalo Dental! Our team is dedicated to making every patient feel welcome, comfortable, and valued \u2013 because in our office you are! One of our favorite things to do is help those patients who suffer from dental fear or anxiety. \u201cNulla pular aliquet orci, sed dignissim diam. Sed [&hellip;]\" \/>\n<meta property=\"og:url\" content=\"https:\/\/www.dental-lab-china.com\/de\/testimonials\/\" \/>\n<meta property=\"og:site_name\" content=\"Bright Dental Lab\" \/>\n<meta property=\"article:modified_time\" content=\"2022-05-21T04:32:32+00:00\" \/>\n<meta property=\"og:image\" content=\"https:\/\/dd.dental-lab-china.com\/wp-content\/uploads\/2022\/01\/testimonial-1.png\" \/>\n<meta name=\"twitter:card\" content=\"summary_large_image\" \/>\n<meta name=\"twitter:label1\" content=\"Gesch\u00e4tzte Lesezeit\" \/>\n\t<meta name=\"twitter:data1\" content=\"1\u00a0Minute\" \/>\n<script type=\"application\/ld+json\" class=\"yoast-schema-graph\">{\"@context\":\"https:\/\/schema.org\",\"@graph\":[{\"@type\":\"WebPage\",\"@id\":\"https:\/\/www.dental-lab-china.com\/testimonials\/\",\"url\":\"https:\/\/www.dental-lab-china.com\/testimonials\/\",\"name\":\"Testimonials - Bright Dental Lab\",\"isPartOf\":{\"@id\":\"https:\/\/www.dental-lab-china.com\/#website\"},\"primaryImageOfPage\":{\"@id\":\"https:\/\/www.dental-lab-china.com\/testimonials\/#primaryimage\"},\"image\":{\"@id\":\"https:\/\/www.dental-lab-china.com\/testimonials\/#primaryimage\"},\"thumbnailUrl\":\"https:\/\/www.dental-lab-china.com\/wp-content\/uploads\/2022\/01\/testimonial-1.png\",\"datePublished\":\"2022-01-05T06:34:09+00:00\",\"dateModified\":\"2022-05-21T04:32:32+00:00\",\"breadcrumb\":{\"@id\":\"https:\/\/www.dental-lab-china.com\/testimonials\/#breadcrumb\"},\"inLanguage\":\"de\",\"potentialAction\":[{\"@type\":\"ReadAction\",\"target\":[\"https:\/\/www.dental-lab-china.com\/testimonials\/\"]}]},{\"@type\":\"ImageObject\",\"inLanguage\":\"de\",\"@id\":\"https:\/\/www.dental-lab-china.com\/testimonials\/#primaryimage\",\"url\":\"https:\/\/www.dental-lab-china.com\/wp-content\/uploads\/2022\/01\/testimonial-1.png\",\"contentUrl\":\"https:\/\/www.dental-lab-china.com\/wp-content\/uploads\/2022\/01\/testimonial-1.png\"},{\"@type\":\"BreadcrumbList\",\"@id\":\"https:\/\/www.dental-lab-china.com\/testimonials\/#breadcrumb\",\"itemListElement\":[{\"@type\":\"ListItem\",\"position\":1,\"name\":\"Home\",\"item\":\"https:\/\/www.dental-lab-china.com\/\"},{\"@type\":\"ListItem\",\"position\":2,\"name\":\"Testimonials\"}]},{\"@type\":\"WebSite\",\"@id\":\"https:\/\/www.dental-lab-china.com\/#website\",\"url\":\"https:\/\/www.dental-lab-china.com\/\",\"name\":\"Bright Dental Lab\",\"description\":\"Best Outsourcing Dental Lab\",\"publisher\":{\"@id\":\"https:\/\/www.dental-lab-china.com\/#organization\"},\"potentialAction\":[{\"@type\":\"SearchAction\",\"target\":{\"@type\":\"EntryPoint\",\"urlTemplate\":\"https:\/\/www.dental-lab-china.com\/?s={search_term_string}\"},\"query-input\":{\"@type\":\"PropertyValueSpecification\",\"valueRequired\":true,\"valueName\":\"search_term_string\"}}],\"inLanguage\":\"de\"},{\"@type\":\"Organization\",\"@id\":\"https:\/\/www.dental-lab-china.com\/#organization\",\"name\":\"Bright Dental Lab\",\"url\":\"https:\/\/www.dental-lab-china.com\/\",\"logo\":{\"@type\":\"ImageObject\",\"inLanguage\":\"de\",\"@id\":\"https:\/\/www.dental-lab-china.com\/#\/schema\/logo\/image\/\",\"url\":\"https:\/\/www.dental-lab-china.com\/wp-content\/uploads\/2022\/05\/dlc-logo.png\",\"contentUrl\":\"https:\/\/www.dental-lab-china.com\/wp-content\/uploads\/2022\/05\/dlc-logo.png\",\"width\":367,\"height\":95,\"caption\":\"Bright Dental Lab\"},\"image\":{\"@id\":\"https:\/\/www.dental-lab-china.com\/#\/schema\/logo\/image\/\"}}]}<\/script>\n<!-- \/ Yoast SEO plugin. -->","yoast_head_json":{"title":"Testimonials - Bright Dental Lab","robots":{"index":"index","follow":"follow","max-snippet":"max-snippet:-1","max-image-preview":"max-image-preview:large","max-video-preview":"max-video-preview:-1"},"canonical":"https:\/\/www.dental-lab-china.com\/de\/testimonials\/","og_locale":"de_DE","og_type":"article","og_title":"Testimonials - Bright Dental Lab","og_description":"Testimonials What Our Client Says Welcome to Dentalo Dental! Our team is dedicated to making every patient feel welcome, comfortable, and valued \u2013 because in our office you are! One of our favorite things to do is help those patients who suffer from dental fear or anxiety. \u201cNulla pular aliquet orci, sed dignissim diam. Sed [&hellip;]","og_url":"https:\/\/www.dental-lab-china.com\/de\/testimonials\/","og_site_name":"Bright Dental Lab","article_modified_time":"2022-05-21T04:32:32+00:00","og_image":[{"url":"https:\/\/dd.dental-lab-china.com\/wp-content\/uploads\/2022\/01\/testimonial-1.png","type":"","width":"","height":""}],"twitter_card":"summary_large_image","twitter_misc":{"Gesch\u00e4tzte Lesezeit":"1\u00a0Minute"},"schema":{"@context":"https:\/\/schema.org","@graph":[{"@type":"WebPage","@id":"https:\/\/www.dental-lab-china.com\/testimonials\/","url":"https:\/\/www.dental-lab-china.com\/testimonials\/","name":"Testimonials - Bright Dental Lab","isPartOf":{"@id":"https:\/\/www.dental-lab-china.com\/#website"},"primaryImageOfPage":{"@id":"https:\/\/www.dental-lab-china.com\/testimonials\/#primaryimage"},"image":{"@id":"https:\/\/www.dental-lab-china.com\/testimonials\/#primaryimage"},"thumbnailUrl":"https:\/\/www.dental-lab-china.com\/wp-content\/uploads\/2022\/01\/testimonial-1.png","datePublished":"2022-01-05T06:34:09+00:00","dateModified":"2022-05-21T04:32:32+00:00","breadcrumb":{"@id":"https:\/\/www.dental-lab-china.com\/testimonials\/#breadcrumb"},"inLanguage":"de","potentialAction":[{"@type":"ReadAction","target":["https:\/\/www.dental-lab-china.com\/testimonials\/"]}]},{"@type":"ImageObject","inLanguage":"de","@id":"https:\/\/www.dental-lab-china.com\/testimonials\/#primaryimage","url":"https:\/\/www.dental-lab-china.com\/wp-content\/uploads\/2022\/01\/testimonial-1.png","contentUrl":"https:\/\/www.dental-lab-china.com\/wp-content\/uploads\/2022\/01\/testimonial-1.png"},{"@type":"BreadcrumbList","@id":"https:\/\/www.dental-lab-china.com\/testimonials\/#breadcrumb","itemListElement":[{"@type":"ListItem","position":1,"name":"Home","item":"https:\/\/www.dental-lab-china.com\/"},{"@type":"ListItem","position":2,"name":"Testimonials"}]},{"@type":"WebSite","@id":"https:\/\/www.dental-lab-china.com\/#website","url":"https:\/\/www.dental-lab-china.com\/","name":"Bright Dental Lab","description":"Best Outsourcing Dental Lab","publisher":{"@id":"https:\/\/www.dental-lab-china.com\/#organization"},"potentialAction":[{"@type":"SearchAction","target":{"@type":"EntryPoint","urlTemplate":"https:\/\/www.dental-lab-china.com\/?s={search_term_string}"},"query-input":{"@type":"PropertyValueSpecification","valueRequired":true,"valueName":"search_term_string"}}],"inLanguage":"de"},{"@type":"Organization","@id":"https:\/\/www.dental-lab-china.com\/#organization","name":"Bright Dental Lab","url":"https:\/\/www.dental-lab-china.com\/","logo":{"@type":"ImageObject","inLanguage":"de","@id":"https:\/\/www.dental-lab-china.com\/#\/schema\/logo\/image\/","url":"https:\/\/www.dental-lab-china.com\/wp-content\/uploads\/2022\/05\/dlc-logo.png","contentUrl":"https:\/\/www.dental-lab-china.com\/wp-content\/uploads\/2022\/05\/dlc-logo.png","width":367,"height":95,"caption":"Bright Dental Lab"},"image":{"@id":"https:\/\/www.dental-lab-china.com\/#\/schema\/logo\/image\/"}}]}},"_links":{"self":[{"href":"https:\/\/www.dental-lab-china.com\/de\/wp-json\/wp\/v2\/pages\/24","targetHints":{"allow":["GET"]}}],"collection":[{"href":"https:\/\/www.dental-lab-china.com\/de\/wp-json\/wp\/v2\/pages"}],"about":[{"href":"https:\/\/www.dental-lab-china.com\/de\/wp-json\/wp\/v2\/types\/page"}],"author":[{"embeddable":true,"href":"https:\/\/www.dental-lab-china.com\/de\/wp-json\/wp\/v2\/users\/1"}],"replies":[{"embeddable":true,"href":"https:\/\/www.dental-lab-china.com\/de\/wp-json\/wp\/v2\/comments?post=24"}],"version-history":[{"count":2,"href":"https:\/\/www.dental-lab-china.com\/de\/wp-json\/wp\/v2\/pages\/24\/revisions"}],"predecessor-version":[{"id":2600,"href":"https:\/\/www.dental-lab-china.com\/de\/wp-json\/wp\/v2\/pages\/24\/revisions\/2600"}],"wp:attachment":[{"href":"https:\/\/www.dental-lab-china.com\/de\/wp-json\/wp\/v2\/media?parent=24"}],"curies":[{"name":"wp","href":"https:\/\/api.w.org\/{rel}","templated":true}]}}